{"id":2403,"date":"2024-01-15T18:56:04","date_gmt":"2024-01-15T18:56:04","guid":{"rendered":"https:\/\/roidlabiere.com\/blog-sur-la-biere\/"},"modified":"2024-05-16T18:51:38","modified_gmt":"2024-05-16T18:51:38","slug":"beer-blog","status":"publish","type":"page","link":"http:\/\/roidlabiere.com\/en\/beer-blog\/","title":{"rendered":"Beer blog"},"content":{"rendered":"<div class=\"wpb-content-wrapper\"><p>[vc_row css=&#8221;.vc_custom_1705344956262{padding-top: 100px !important;padding-bottom: 70px !important;}&#8221;][vc_column]<div class=\"mkdf-blog-list-holder mkdf-bl-standard mkdf-bl-three-columns mkdf-normal-space mkdf-bl-pag-standard-shortcodes   \"  data-type=standard data-number-of-posts=-1 data-number-of-columns=3 data-space-between-items=normal data-category=blog-du-roi-de-la-biere data-orderby=date data-order=ASC data-image-size=full data-title-tag=h5 data-excerpt-length=40 data-post-info-section=yes data-post-info-image=yes data-post-info-image-zoom=no data-post-info-image-shader=no data-post-info-author=yes data-post-info-date=yes data-post-info-category=yes data-post-info-comments=no data-post-info-like=no data-post-info-share=no data-pagination-type=standard-shortcodes data-max-num-pages=0 data-next-page=2>\n\t<div class=\"mkdf-bl-wrapper mkdf-outer-space\">\n\t\t<ul class=\"mkdf-blog-list\">\n\t\t\t<li class=\"mkdf-bl-item mkdf-item-space clearfix\">\n\t<div class=\"mkdf-bli-inner\">\n        <div class=\"mkdf-bli-image-holder\">\n            \n\t<div class=\"mkdf-post-image\">\n\t\t\t\t\t<a itemprop=\"url\" href=\"http:\/\/roidlabiere.com\/en\/beer-royalty-rules-across-the-river\/\" title=\"BEER ROYALTY RULES ACROSS THE RIVER\">\n\t\t\t\t\t<img loading=\"lazy\" decoding=\"async\" width=\"512\" height=\"269\" src=\"http:\/\/roidlabiere.com\/wp-content\/uploads\/2023\/12\/unnamed.jpg\" class=\"attachment-full size-full wp-post-image\" alt=\"\" srcset=\"http:\/\/roidlabiere.com\/wp-content\/uploads\/2023\/12\/unnamed.jpg 512w, http:\/\/roidlabiere.com\/wp-content\/uploads\/2023\/12\/unnamed-300x158.jpg 300w\" sizes=\"auto, (max-width: 512px) 100vw, 512px\" \/>\t\t\t\t\t<\/a>\n\t\t\t\t\t<\/div>\n\t\t\t        <\/div>\n        <div class=\"mkdf-bli-content\" >\n                            <div class=\"mkdf-bli-info\">\n\t                <div class=\"mkdf-post-info-author\">\n    <span class=\"mkdf-post-info-author-text\">\n        By    <\/span>\n    <a itemprop=\"author\" class=\"mkdf-post-info-author-link\" href=\"http:\/\/roidlabiere.com\/en\/author\/admin-iv\/\">\n        admin-iv    <\/a>\n<\/div><div itemprop=\"dateCreated\" class=\"mkdf-post-info-date entry-date published updated\">\n            <a itemprop=\"url\" href=\"http:\/\/roidlabiere.com\/en\/2023\/12\/\">\n    \n        December 8, 2023        <\/a>\n    <meta itemprop=\"interactionCount\" content=\"UserComments: 0\"\/>\n<\/div><div class=\"mkdf-post-info-category\">\n    <span class=\"mkdf-post-info-category-text\">in<\/span>\n    <a href=\"http:\/\/roidlabiere.com\/en\/category\/blog-du-roi-de-la-biere-en\/\" rel=\"category tag\">Beer King Blog<\/a><\/div>                <\/div>\n            \t\n\t        \n<h5 itemprop=\"name\" class=\"entry-title mkdf-post-title\" >\n            <a itemprop=\"url\" href=\"http:\/\/roidlabiere.com\/en\/beer-royalty-rules-across-the-river\/\" title=\"BEER ROYALTY RULES ACROSS THE RIVER\">\n            BEER ROYALTY RULES ACROSS THE RIVER            <\/a>\n    <\/h5>\t\n\t        <div class=\"mkdf-bli-excerpt\">\n\t\t                <div class=\"mkdf-post-excerpt-holder\">\n            <p itemprop=\"description\" class=\"mkdf-post-excerpt\">\n\t\t\t\t[vc_row][vc_column][vc_column_text]On a quiet residential street in Aylmer, Que. \u2013 fifteen minutes from Ottawa's Island Park Bridge \u2013 the Beer King reigns as the National Capital Region's destination for cheap beers.\r\n\r\nMarch\u00e9 Gravelle \u2013 also known as the \u201cKing of Beer\u201d, translated            <\/p>\n        <\/div>\n\t                \t\t        \t<div class=\"mkdf-post-read-more-button\">\n\t\t<a itemprop=\"url\" href=\"http:\/\/roidlabiere.com\/en\/beer-royalty-rules-across-the-river\/\" target=\"_self\"  class=\"mkdf-btn mkdf-btn-medium mkdf-btn-simple mkdf-btn-icon mkdf-btn-icon-animate mkdf-blog-list-button\"  >    <span class=\"mkdf-btn-text\">Read More<\/span>\t<i class=\"mkdf-icon-font-awesome fa fa-arrow-right \" ><\/i><\/a>\t<\/div>\n\t        <\/div>\n        <\/div>\n\t<\/div>\n<\/li><li class=\"mkdf-bl-item mkdf-item-space clearfix\">\n\t<div class=\"mkdf-bli-inner\">\n        <div class=\"mkdf-bli-image-holder\">\n            \n\t<div class=\"mkdf-post-image\">\n\t\t\t\t\t<a itemprop=\"url\" href=\"http:\/\/roidlabiere.com\/en\/the-king-of-aylmer-beer\/\" title=\"THE KING OF AYLMER BEER\">\n\t\t\t\t\t<img loading=\"lazy\" decoding=\"async\" width=\"512\" height=\"269\" src=\"http:\/\/roidlabiere.com\/wp-content\/uploads\/2024\/01\/denis.jpg\" class=\"attachment-full size-full wp-post-image\" alt=\"\" srcset=\"http:\/\/roidlabiere.com\/wp-content\/uploads\/2024\/01\/denis.jpg 512w, http:\/\/roidlabiere.com\/wp-content\/uploads\/2024\/01\/denis-300x158.jpg 300w\" sizes=\"auto, (max-width: 512px) 100vw, 512px\" \/>\t\t\t\t\t<\/a>\n\t\t\t\t\t<\/div>\n\t\t\t        <\/div>\n        <div class=\"mkdf-bli-content\" >\n                            <div class=\"mkdf-bli-info\">\n\t                <div class=\"mkdf-post-info-author\">\n    <span class=\"mkdf-post-info-author-text\">\n        By    <\/span>\n    <a itemprop=\"author\" class=\"mkdf-post-info-author-link\" href=\"http:\/\/roidlabiere.com\/en\/author\/admin-iv\/\">\n        admin-iv    <\/a>\n<\/div><div itemprop=\"dateCreated\" class=\"mkdf-post-info-date entry-date published updated\">\n            <a itemprop=\"url\" href=\"http:\/\/roidlabiere.com\/en\/2024\/01\/\">\n    \n        January 12, 2024        <\/a>\n    <meta itemprop=\"interactionCount\" content=\"UserComments: 0\"\/>\n<\/div><div class=\"mkdf-post-info-category\">\n    <span class=\"mkdf-post-info-category-text\">in<\/span>\n    <a href=\"http:\/\/roidlabiere.com\/en\/category\/blog-du-roi-de-la-biere-en\/\" rel=\"category tag\">Beer King Blog<\/a><\/div>                <\/div>\n            \t\n\t        \n<h5 itemprop=\"name\" class=\"entry-title mkdf-post-title\" >\n            <a itemprop=\"url\" href=\"http:\/\/roidlabiere.com\/en\/the-king-of-aylmer-beer\/\" title=\"THE KING OF AYLMER BEER\">\n            THE KING OF AYLMER BEER            <\/a>\n    <\/h5>\t\n\t        <div class=\"mkdf-bli-excerpt\">\n\t\t                <div class=\"mkdf-post-excerpt-holder\">\n            <p itemprop=\"description\" class=\"mkdf-post-excerpt\">\n\t\t\t\t[vc_row][vc_column][vc_column_text]The king of beer holds court at March\u00e9 Gravelle, a small convenience store located at 29 Dalhousie Street in Aylmer.\r\n\r\nFor beer drinkers in Eastern Ontario, Western Quebec and beyond, Denis Gravelle is royalty because his prices, especially on the most            <\/p>\n        <\/div>\n\t                \t\t        \t<div class=\"mkdf-post-read-more-button\">\n\t\t<a itemprop=\"url\" href=\"http:\/\/roidlabiere.com\/en\/the-king-of-aylmer-beer\/\" target=\"_self\"  class=\"mkdf-btn mkdf-btn-medium mkdf-btn-simple mkdf-btn-icon mkdf-btn-icon-animate mkdf-blog-list-button\"  >    <span class=\"mkdf-btn-text\">Read More<\/span>\t<i class=\"mkdf-icon-font-awesome fa fa-arrow-right \" ><\/i><\/a>\t<\/div>\n\t        <\/div>\n        <\/div>\n\t<\/div>\n<\/li>\t\t<\/ul>\n\t<\/div>\n\t<\/div>[\/vc_column][\/vc_row]<\/p>\n<\/div>","protected":false},"excerpt":{"rendered":"<p>[vc_row css=&#8221;.vc_custom_1705344956262{padding-top: 100px !important;padding-bottom: 70px !important;}&#8221;][vc_column][\/vc_column][\/vc_row]<\/p>\n","protected":false},"author":2,"featured_media":0,"parent":0,"menu_order":0,"comment_status":"closed","ping_status":"closed","template":"","meta":{"footnotes":""},"class_list":["post-2403","page","type-page","status-publish","hentry"],"yoast_head":"<!-- This site is optimized with the Yoast SEO plugin v27.4 - https:\/\/yoast.com\/product\/yoast-seo-wordpress\/ -->\n<title>Beer blog - March\u00e9 Gravelle | Roi de la bi\u00e8re | Beer King<\/title>\n<meta name=\"description\" content=\"Les nouvelles sur la bi\u00e8re\" \/>\n<meta name=\"robots\" content=\"index, follow, max-snippet:-1, max-image-preview:large, max-video-preview:-1\" \/>\n<link rel=\"canonical\" href=\"http:\/\/roidlabiere.com\/en\/beer-blog\/\" \/>\n<meta property=\"og:locale\" content=\"en_US\" \/>\n<meta property=\"og:type\" content=\"article\" \/>\n<meta property=\"og:title\" content=\"Beer blog - March\u00e9 Gravelle | Roi de la bi\u00e8re | Beer King\" \/>\n<meta property=\"og:description\" content=\"Les nouvelles sur la bi\u00e8re\" \/>\n<meta property=\"og:url\" content=\"http:\/\/roidlabiere.com\/en\/beer-blog\/\" \/>\n<meta property=\"og:site_name\" content=\"March\u00e9 Gravelle | Roi de la bi\u00e8re | Beer King\" \/>\n<meta property=\"article:publisher\" content=\"https:\/\/www.facebook.com\/marchegravelle\" \/>\n<meta property=\"article:modified_time\" content=\"2024-05-16T18:51:38+00:00\" \/>\n<meta property=\"og:image\" content=\"http:\/\/roidlabiere.com\/wp-content\/uploads\/2024\/01\/secondary-pages-header.jpg\" \/>\n\t<meta property=\"og:image:width\" content=\"1920\" \/>\n\t<meta property=\"og:image:height\" content=\"700\" \/>\n\t<meta property=\"og:image:type\" content=\"image\/jpeg\" \/>\n<meta name=\"twitter:card\" content=\"summary_large_image\" \/>\n<meta name=\"twitter:label1\" content=\"Est. reading time\" \/>\n\t<meta name=\"twitter:data1\" content=\"1 minute\" \/>\n<script type=\"application\/ld+json\" class=\"yoast-schema-graph\">{\"@context\":\"https:\\\/\\\/schema.org\",\"@graph\":[{\"@type\":\"WebPage\",\"@id\":\"http:\\\/\\\/roidlabiere.com\\\/en\\\/beer-blog\\\/\",\"url\":\"http:\\\/\\\/roidlabiere.com\\\/en\\\/beer-blog\\\/\",\"name\":\"Beer blog - March\u00e9 Gravelle | Roi de la bi\u00e8re | Beer King\",\"isPartOf\":{\"@id\":\"https:\\\/\\\/roidlabiere.com\\\/en\\\/#website\"},\"datePublished\":\"2024-01-15T18:56:04+00:00\",\"dateModified\":\"2024-05-16T18:51:38+00:00\",\"description\":\"Les nouvelles sur la bi\u00e8re\",\"breadcrumb\":{\"@id\":\"http:\\\/\\\/roidlabiere.com\\\/en\\\/beer-blog\\\/#breadcrumb\"},\"inLanguage\":\"en-US\",\"potentialAction\":[{\"@type\":\"ReadAction\",\"target\":[\"http:\\\/\\\/roidlabiere.com\\\/en\\\/beer-blog\\\/\"]}]},{\"@type\":\"BreadcrumbList\",\"@id\":\"http:\\\/\\\/roidlabiere.com\\\/en\\\/beer-blog\\\/#breadcrumb\",\"itemListElement\":[{\"@type\":\"ListItem\",\"position\":1,\"name\":\"Home\",\"item\":\"https:\\\/\\\/roidlabiere.com\\\/en\\\/\"},{\"@type\":\"ListItem\",\"position\":2,\"name\":\"Beer blog\"}]},{\"@type\":\"WebSite\",\"@id\":\"https:\\\/\\\/roidlabiere.com\\\/en\\\/#website\",\"url\":\"https:\\\/\\\/roidlabiere.com\\\/en\\\/\",\"name\":\"March\u00e9 Gravelle | Roi de la Bi\u00e8re, Beer King, Sp\u00e9cialis\u00e9 en vente de bi\u00e8re \u00e0 meilleurs prix !\",\"description\":\"Le roi de la bi\u00e8re | Beer King\",\"publisher\":{\"@id\":\"https:\\\/\\\/roidlabiere.com\\\/en\\\/#organization\"},\"potentialAction\":[{\"@type\":\"SearchAction\",\"target\":{\"@type\":\"EntryPoint\",\"urlTemplate\":\"https:\\\/\\\/roidlabiere.com\\\/en\\\/?s={search_term_string}\"},\"query-input\":{\"@type\":\"PropertyValueSpecification\",\"valueRequired\":true,\"valueName\":\"search_term_string\"}}],\"inLanguage\":\"en-US\"},{\"@type\":\"Organization\",\"@id\":\"https:\\\/\\\/roidlabiere.com\\\/en\\\/#organization\",\"name\":\"March\u00e9 Gravelle\",\"url\":\"https:\\\/\\\/roidlabiere.com\\\/en\\\/\",\"logo\":{\"@type\":\"ImageObject\",\"inLanguage\":\"en-US\",\"@id\":\"https:\\\/\\\/roidlabiere.com\\\/en\\\/#\\\/schema\\\/logo\\\/image\\\/\",\"url\":\"http:\\\/\\\/roidlabiere.com\\\/wp-content\\\/uploads\\\/2024\\\/01\\\/cropped-favicon.png\",\"contentUrl\":\"http:\\\/\\\/roidlabiere.com\\\/wp-content\\\/uploads\\\/2024\\\/01\\\/cropped-favicon.png\",\"width\":512,\"height\":512,\"caption\":\"March\u00e9 Gravelle\"},\"image\":{\"@id\":\"https:\\\/\\\/roidlabiere.com\\\/en\\\/#\\\/schema\\\/logo\\\/image\\\/\"},\"sameAs\":[\"https:\\\/\\\/www.facebook.com\\\/marchegravelle\"]}]}<\/script>\n<!-- \/ Yoast SEO plugin. -->","yoast_head_json":{"title":"Beer blog - March\u00e9 Gravelle | Roi de la bi\u00e8re | Beer King","description":"Les nouvelles sur la bi\u00e8re","robots":{"index":"index","follow":"follow","max-snippet":"max-snippet:-1","max-image-preview":"max-image-preview:large","max-video-preview":"max-video-preview:-1"},"canonical":"http:\/\/roidlabiere.com\/en\/beer-blog\/","og_locale":"en_US","og_type":"article","og_title":"Beer blog - March\u00e9 Gravelle | Roi de la bi\u00e8re | Beer King","og_description":"Les nouvelles sur la bi\u00e8re","og_url":"http:\/\/roidlabiere.com\/en\/beer-blog\/","og_site_name":"March\u00e9 Gravelle | Roi de la bi\u00e8re | Beer King","article_publisher":"https:\/\/www.facebook.com\/marchegravelle","article_modified_time":"2024-05-16T18:51:38+00:00","og_image":[{"width":1920,"height":700,"url":"http:\/\/roidlabiere.com\/wp-content\/uploads\/2024\/01\/secondary-pages-header.jpg","type":"image\/jpeg"}],"twitter_card":"summary_large_image","twitter_misc":{"Est. reading time":"1 minute"},"schema":{"@context":"https:\/\/schema.org","@graph":[{"@type":"WebPage","@id":"http:\/\/roidlabiere.com\/en\/beer-blog\/","url":"http:\/\/roidlabiere.com\/en\/beer-blog\/","name":"Beer blog - March\u00e9 Gravelle | Roi de la bi\u00e8re | Beer King","isPartOf":{"@id":"https:\/\/roidlabiere.com\/en\/#website"},"datePublished":"2024-01-15T18:56:04+00:00","dateModified":"2024-05-16T18:51:38+00:00","description":"Les nouvelles sur la bi\u00e8re","breadcrumb":{"@id":"http:\/\/roidlabiere.com\/en\/beer-blog\/#breadcrumb"},"inLanguage":"en-US","potentialAction":[{"@type":"ReadAction","target":["http:\/\/roidlabiere.com\/en\/beer-blog\/"]}]},{"@type":"BreadcrumbList","@id":"http:\/\/roidlabiere.com\/en\/beer-blog\/#breadcrumb","itemListElement":[{"@type":"ListItem","position":1,"name":"Home","item":"https:\/\/roidlabiere.com\/en\/"},{"@type":"ListItem","position":2,"name":"Beer blog"}]},{"@type":"WebSite","@id":"https:\/\/roidlabiere.com\/en\/#website","url":"https:\/\/roidlabiere.com\/en\/","name":"March\u00e9 Gravelle | Roi de la Bi\u00e8re, Beer King, Sp\u00e9cialis\u00e9 en vente de bi\u00e8re \u00e0 meilleurs prix !","description":"Le roi de la bi\u00e8re | Beer King","publisher":{"@id":"https:\/\/roidlabiere.com\/en\/#organization"},"potentialAction":[{"@type":"SearchAction","target":{"@type":"EntryPoint","urlTemplate":"https:\/\/roidlabiere.com\/en\/?s={search_term_string}"},"query-input":{"@type":"PropertyValueSpecification","valueRequired":true,"valueName":"search_term_string"}}],"inLanguage":"en-US"},{"@type":"Organization","@id":"https:\/\/roidlabiere.com\/en\/#organization","name":"March\u00e9 Gravelle","url":"https:\/\/roidlabiere.com\/en\/","logo":{"@type":"ImageObject","inLanguage":"en-US","@id":"https:\/\/roidlabiere.com\/en\/#\/schema\/logo\/image\/","url":"http:\/\/roidlabiere.com\/wp-content\/uploads\/2024\/01\/cropped-favicon.png","contentUrl":"http:\/\/roidlabiere.com\/wp-content\/uploads\/2024\/01\/cropped-favicon.png","width":512,"height":512,"caption":"March\u00e9 Gravelle"},"image":{"@id":"https:\/\/roidlabiere.com\/en\/#\/schema\/logo\/image\/"},"sameAs":["https:\/\/www.facebook.com\/marchegravelle"]}]}},"_links":{"self":[{"href":"http:\/\/roidlabiere.com\/en\/wp-json\/wp\/v2\/pages\/2403","targetHints":{"allow":["GET"]}}],"collection":[{"href":"http:\/\/roidlabiere.com\/en\/wp-json\/wp\/v2\/pages"}],"about":[{"href":"http:\/\/roidlabiere.com\/en\/wp-json\/wp\/v2\/types\/page"}],"author":[{"embeddable":true,"href":"http:\/\/roidlabiere.com\/en\/wp-json\/wp\/v2\/users\/2"}],"replies":[{"embeddable":true,"href":"http:\/\/roidlabiere.com\/en\/wp-json\/wp\/v2\/comments?post=2403"}],"version-history":[{"count":3,"href":"http:\/\/roidlabiere.com\/en\/wp-json\/wp\/v2\/pages\/2403\/revisions"}],"predecessor-version":[{"id":2416,"href":"http:\/\/roidlabiere.com\/en\/wp-json\/wp\/v2\/pages\/2403\/revisions\/2416"}],"wp:attachment":[{"href":"http:\/\/roidlabiere.com\/en\/wp-json\/wp\/v2\/media?parent=2403"}],"curies":[{"name":"wp","href":"https:\/\/api.w.org\/{rel}","templated":true}]}}