{"id":2400,"date":"2018-04-19T07:11:06","date_gmt":"2018-04-19T07:11:06","guid":{"rendered":"https:\/\/roidlabiere.com\/speciaux\/"},"modified":"2026-04-01T14:39:01","modified_gmt":"2026-04-01T14:39:01","slug":"specials","status":"publish","type":"page","link":"http:\/\/roidlabiere.com\/en\/specials\/","title":{"rendered":"Specials"},"content":{"rendered":"<div class=\"wpb-content-wrapper\"><p>[vc_row row_content_width=&#8221;grid&#8221; content_text_aligment=&#8221;center&#8221; css=&#8221;.vc_custom_1715863544298{padding-top: 70px !important;padding-bottom: 70px !important;}&#8221;][vc_column]<div class=\"mkdf-section-title-holder  \" >\n\t<div class=\"mkdf-st-inner\">\n\t\t            <h4 class=\"mkdf-st-subtitle\" style=\"margin: 0 0 0px 0\">\n                April 2nd to 5th            <\/h4>\n        \t\t        \t\t\t<\/div>\n<\/div>[vc_empty_space height=&#8221;10px&#8221;]<div class=\"mkdf-section-title-holder  \" >\n\t<div class=\"mkdf-st-inner\">\n\t\t\t\t\t\t\t<h2 class=\"mkdf-st-title\" >\n\t\t\t\tWE PAY TAXES<br \/> EXCLUSIVELY <span class=\"mkdf-st-title-colored\">ON<\/span>\t\t\t<\/h2>\n\t\t                <div class=\"mkdf-st-separator\" style=\"margin-top:12px\">\n            <img decoding=\"async\" itemprop=\"image\" src=\"http:\/\/roidlabiere.com\/wp-content\/uploads\/2024\/01\/separator.png\" alt=\"Separator image\" \/>\n        <\/div>\n        \t\t\t<\/div>\n<\/div>[vc_row_inner content_placement=&#8221;middle&#8221; row_content_width=&#8221;grid&#8221; content_text_aligment=&#8221;center&#8221;][vc_column_inner width=&#8221;1\/4&#8243;][vc_single_image image=&#8221;2459&#8243; img_size=&#8221;full&#8221; alignment=&#8221;center&#8221;]<div class=\"mkdf-section-title-holder  \" >\n\t<div class=\"mkdf-st-inner\">\n\t\t            <h4 class=\"mkdf-st-subtitle\" >\n                60 Cans            <\/h4>\n        \t\t\t\t\t<h2 class=\"mkdf-st-title\" >\n\t\t\t\t$79.86\t\t\t<\/h2>\n\t\t        \t\t\t<\/div>\n<\/div>[\/vc_column_inner][vc_column_inner width=&#8221;1\/4&#8243;][vc_single_image image=&#8221;2588&#8243; img_size=&#8221;full&#8221; alignment=&#8221;center&#8221;]<div class=\"mkdf-section-title-holder  \" >\n\t<div class=\"mkdf-st-inner\">\n\t\t            <h4 class=\"mkdf-st-subtitle\" >\n                60 Cans            <\/h4>\n        \t\t\t\t\t<h2 class=\"mkdf-st-title\" >\n\t\t\t\t$79.86\t\t\t<\/h2>\n\t\t        \t\t\t<\/div>\n<\/div>[\/vc_column_inner][vc_column_inner width=&#8221;1\/4&#8243;][vc_single_image image=&#8221;2586&#8243; img_size=&#8221;full&#8221; alignment=&#8221;center&#8221;]<div class=\"mkdf-section-title-holder  \" >\n\t<div class=\"mkdf-st-inner\">\n\t\t            <h4 class=\"mkdf-st-subtitle\" >\n                60 Cans            <\/h4>\n        \t\t\t\t\t<h2 class=\"mkdf-st-title\" >\n\t\t\t\t$88.70\t\t\t<\/h2>\n\t\t        \t\t\t<\/div>\n<\/div>[\/vc_column_inner][vc_column_inner width=&#8221;1\/4&#8243;][vc_single_image image=&#8221;2436&#8243; img_size=&#8221;full&#8221; alignment=&#8221;center&#8221;]<div class=\"mkdf-section-title-holder  \" >\n\t<div class=\"mkdf-st-inner\">\n\t\t            <h4 class=\"mkdf-st-subtitle\" >\n                60 Cans            <\/h4>\n        \t\t\t\t\t<h2 class=\"mkdf-st-title\" >\n\t\t\t\t$79.86\t\t\t<\/h2>\n\t\t        \t\t\t<\/div>\n<\/div>[\/vc_column_inner][\/vc_row_inner][vc_row_inner content_placement=&#8221;middle&#8221; row_content_width=&#8221;grid&#8221; content_text_aligment=&#8221;center&#8221;][vc_column_inner width=&#8221;1\/4&#8243;][vc_single_image image=&#8221;2477&#8243; img_size=&#8221;full&#8221; alignment=&#8221;center&#8221;]<div class=\"mkdf-section-title-holder  \" >\n\t<div class=\"mkdf-st-inner\">\n\t\t            <h4 class=\"mkdf-st-subtitle\" >\n                60 Cans            <\/h4>\n        \t\t\t\t\t<h2 class=\"mkdf-st-title\" >\n\t\t\t\t$79.86\t\t\t<\/h2>\n\t\t        \t\t\t<\/div>\n<\/div>[\/vc_column_inner][vc_column_inner width=&#8221;1\/4&#8243;][vc_single_image image=&#8221;2481&#8243; img_size=&#8221;full&#8221; alignment=&#8221;center&#8221;]<div class=\"mkdf-section-title-holder  \" >\n\t<div class=\"mkdf-st-inner\">\n\t\t            <h4 class=\"mkdf-st-subtitle\" >\n                60 Cans            <\/h4>\n        \t\t\t\t\t<h2 class=\"mkdf-st-title\" >\n\t\t\t\t$79.86\t\t\t<\/h2>\n\t\t        \t\t\t<\/div>\n<\/div>[\/vc_column_inner][vc_column_inner width=&#8221;1\/4&#8243;][vc_single_image image=&#8221;2485&#8243; img_size=&#8221;full&#8221; alignment=&#8221;center&#8221;]<div class=\"mkdf-section-title-holder  \" >\n\t<div class=\"mkdf-st-inner\">\n\t\t            <h4 class=\"mkdf-st-subtitle\" >\n                60 Cans            <\/h4>\n        \t\t\t\t\t<h2 class=\"mkdf-st-title\" >\n\t\t\t\t$79.86\t\t\t<\/h2>\n\t\t        \t\t\t<\/div>\n<\/div>[\/vc_column_inner][vc_column_inner width=&#8221;1\/4&#8243;][vc_single_image image=&#8221;2487&#8243; img_size=&#8221;full&#8221; alignment=&#8221;center&#8221;]<div class=\"mkdf-section-title-holder  \" >\n\t<div class=\"mkdf-st-inner\">\n\t\t            <h4 class=\"mkdf-st-subtitle\" >\n                60 Cans            <\/h4>\n        \t\t\t\t\t<h2 class=\"mkdf-st-title\" >\n\t\t\t\t$79.86\t\t\t<\/h2>\n\t\t        \t\t\t<\/div>\n<\/div>[\/vc_column_inner][\/vc_row_inner][vc_row_inner content_placement=&#8221;middle&#8221; row_content_width=&#8221;grid&#8221; content_text_aligment=&#8221;center&#8221;][vc_column_inner width=&#8221;1\/4&#8243;][vc_single_image image=&#8221;3277&#8243; img_size=&#8221;full&#8221; alignment=&#8221;center&#8221; css=&#8221;&#8221;]<div class=\"mkdf-section-title-holder  \" >\n\t<div class=\"mkdf-st-inner\">\n\t\t            <h4 class=\"mkdf-st-subtitle\" >\n                60 Cans            <\/h4>\n        \t\t\t\t\t<h2 class=\"mkdf-st-title\" >\n\t\t\t\t$87.50\t\t\t<\/h2>\n\t\t        \t\t\t<\/div>\n<\/div>[\/vc_column_inner][vc_column_inner width=&#8221;1\/4&#8243;][vc_single_image image=&#8221;2467&#8243; img_size=&#8221;full&#8221; alignment=&#8221;center&#8221;]<div class=\"mkdf-section-title-holder  \" >\n\t<div class=\"mkdf-st-inner\">\n\t\t            <h4 class=\"mkdf-st-subtitle\" >\n                48 Cans            <\/h4>\n        \t\t\t\t\t<h2 class=\"mkdf-st-title\" >\n\t\t\t\t$63.90\t\t\t<\/h2>\n\t\t        \t\t\t<\/div>\n<\/div>[\/vc_column_inner][vc_column_inner width=&#8221;1\/4&#8243;][vc_single_image image=&#8221;2473&#8243; img_size=&#8221;full&#8221; alignment=&#8221;center&#8221;]<div class=\"mkdf-section-title-holder  \" >\n\t<div class=\"mkdf-st-inner\">\n\t\t            <h4 class=\"mkdf-st-subtitle\" >\n                2x24 Bottles            <\/h4>\n        \t\t\t\t\t<h2 class=\"mkdf-st-title\" >\n\t\t\t\t$74.99\t\t\t<\/h2>\n\t\t        \t\t\t<\/div>\n<\/div>[\/vc_column_inner][vc_column_inner width=&#8221;1\/4&#8243;][vc_single_image image=&#8221;2473&#8243; img_size=&#8221;full&#8221; alignment=&#8221;center&#8221;]<div class=\"mkdf-section-title-holder  \" >\n\t<div class=\"mkdf-st-inner\">\n\t\t            <h4 class=\"mkdf-st-subtitle\" >\n                2x24 Cans            <\/h4>\n        \t\t\t\t\t<h2 class=\"mkdf-st-title\" >\n\t\t\t\t$74.99\t\t\t<\/h2>\n\t\t        \t\t\t<\/div>\n<\/div>[\/vc_column_inner][\/vc_row_inner][vc_empty_space][\/vc_column][\/vc_row][vc_row row_content_width=&#8221;grid&#8221; content_text_aligment=&#8221;center&#8221; css=&#8221;.vc_custom_1715696043989{padding-bottom: 70px !important;}&#8221;][vc_column]<div class=\"mkdf-section-title-holder  \" >\n\t<div class=\"mkdf-st-inner\">\n\t\t\t\t\t\t\t<h2 class=\"mkdf-st-title\" >\n\t\t\t\t2 BOX OF<br \/> 24 <span class=\"mkdf-st-title-colored\">BOTTLES<\/span> <span class=\"mkdf-st-title-colored\">OR<\/span> CANS (+tax)\t\t\t<\/h2>\n\t\t                <div class=\"mkdf-st-separator\" style=\"margin-top:12px\">\n            <img decoding=\"async\" itemprop=\"image\" src=\"http:\/\/roidlabiere.com\/wp-content\/uploads\/2024\/01\/separator.png\" alt=\"Separator image\" \/>\n        <\/div>\n        \t\t\t<\/div>\n<\/div>[vc_row_inner content_placement=&#8221;middle&#8221; row_content_width=&#8221;grid&#8221; content_text_aligment=&#8221;center&#8221;][vc_column_inner width=&#8221;1\/4&#8243;][vc_single_image image=&#8221;2465&#8243; img_size=&#8221;full&#8221; alignment=&#8221;center&#8221;]<div class=\"mkdf-section-title-holder  \" >\n\t<div class=\"mkdf-st-inner\">\n\t\t            <h4 class=\"mkdf-st-subtitle\" >\n                2x24 Bottles            <\/h4>\n        \t\t\t\t\t<h2 class=\"mkdf-st-title\" >\n\t\t\t\t$62.74\t\t\t<\/h2>\n\t\t        \t\t\t<\/div>\n<\/div>[\/vc_column_inner][vc_column_inner width=&#8221;1\/4&#8243;][vc_single_image image=&#8221;2493&#8243; img_size=&#8221;full&#8221; alignment=&#8221;center&#8221;]<div class=\"mkdf-section-title-holder  \" >\n\t<div class=\"mkdf-st-inner\">\n\t\t            <h4 class=\"mkdf-st-subtitle\" >\n                2x24 Bottles            <\/h4>\n        \t\t\t\t\t<h2 class=\"mkdf-st-title\" >\n\t\t\t\t$65.08\t\t\t<\/h2>\n\t\t        \t\t\t<\/div>\n<\/div>[\/vc_column_inner][vc_column_inner width=&#8221;1\/4&#8243;][vc_single_image image=&#8221;2457&#8243; img_size=&#8221;full&#8221; alignment=&#8221;center&#8221;]<div class=\"mkdf-section-title-holder  \" >\n\t<div class=\"mkdf-st-inner\">\n\t\t            <h4 class=\"mkdf-st-subtitle\" >\n                2x24 Bottles            <\/h4>\n        \t\t\t\t\t<h2 class=\"mkdf-st-title\" >\n\t\t\t\t$65.08\t\t\t<\/h2>\n\t\t        \t\t\t<\/div>\n<\/div>[\/vc_column_inner][vc_column_inner width=&#8221;1\/4&#8243;][vc_single_image image=&#8221;2493&#8243; img_size=&#8221;full&#8221; alignment=&#8221;center&#8221;]<div class=\"mkdf-section-title-holder  \" >\n\t<div class=\"mkdf-st-inner\">\n\t\t            <h4 class=\"mkdf-st-subtitle\" >\n                2x24 Cans            <\/h4>\n        \t\t\t\t\t<h2 class=\"mkdf-st-title\" >\n\t\t\t\t$70.99\t\t\t<\/h2>\n\t\t        \t\t\t<\/div>\n<\/div>[\/vc_column_inner][\/vc_row_inner][vc_row_inner content_placement=&#8221;middle&#8221; row_content_width=&#8221;grid&#8221; content_text_aligment=&#8221;center&#8221;][vc_column_inner width=&#8221;1\/4&#8243;][vc_single_image image=&#8221;2489&#8243; img_size=&#8221;full&#8221; alignment=&#8221;center&#8221;]<div class=\"mkdf-section-title-holder  \" >\n\t<div class=\"mkdf-st-inner\">\n\t\t            <h4 class=\"mkdf-st-subtitle\" >\n                2x24 Bottles            <\/h4>\n        \t\t\t\t\t<h2 class=\"mkdf-st-title\" >\n\t\t\t\t$62.74\t\t\t<\/h2>\n\t\t        \t\t\t<\/div>\n<\/div>[\/vc_column_inner][vc_column_inner width=&#8221;1\/4&#8243;][vc_single_image image=&#8221;2465&#8243; img_size=&#8221;full&#8221; alignment=&#8221;center&#8221;]<div class=\"mkdf-section-title-holder  \" >\n\t<div class=\"mkdf-st-inner\">\n\t\t            <h4 class=\"mkdf-st-subtitle\" >\n                2x24 Cans            <\/h4>\n        \t\t\t\t\t<h2 class=\"mkdf-st-title\" >\n\t\t\t\t$70.99\t\t\t<\/h2>\n\t\t        \t\t\t<\/div>\n<\/div>[\/vc_column_inner][vc_column_inner width=&#8221;1\/4&#8243;][vc_single_image image=&#8221;3281&#8243; img_size=&#8221;full&#8221; alignment=&#8221;center&#8221; css=&#8221;&#8221;]<div class=\"mkdf-section-title-holder  \" >\n\t<div class=\"mkdf-st-inner\">\n\t\t            <h4 class=\"mkdf-st-subtitle\" >\n                2x24 Cans            <\/h4>\n        \t\t\t\t\t<h2 class=\"mkdf-st-title\" >\n\t\t\t\t$59.40\t\t\t<\/h2>\n\t\t        \t\t\t<\/div>\n<\/div>[\/vc_column_inner][vc_column_inner width=&#8221;1\/4&#8243;][\/vc_column_inner][\/vc_row_inner][vc_empty_space][\/vc_column][\/vc_row][vc_row row_content_width=&#8221;grid&#8221; content_text_aligment=&#8221;center&#8221; css=&#8221;.vc_custom_1715696050622{padding-bottom: 70px !important;}&#8221;][vc_column]<div class=\"mkdf-section-title-holder  \" >\n\t<div class=\"mkdf-st-inner\">\n\t\t\t\t\t\t\t<h2 class=\"mkdf-st-title\" >\n\t\t\t\tSPECIAL BEERS FROM<br \/> STORE <span class=\"mkdf-st-title-colored\">(+tax)<\/span>\t\t\t<\/h2>\n\t\t                <div class=\"mkdf-st-separator\" style=\"margin-top:12px\">\n            <img decoding=\"async\" itemprop=\"image\" src=\"http:\/\/roidlabiere.com\/wp-content\/uploads\/2024\/01\/separator.png\" alt=\"Separator image\" \/>\n        <\/div>\n        \t\t\t<\/div>\n<\/div>[vc_row_inner content_placement=&#8221;middle&#8221; row_content_width=&#8221;grid&#8221; content_text_aligment=&#8221;center&#8221;][vc_column_inner width=&#8221;1\/4&#8243;][vc_single_image image=&#8221;2455&#8243; img_size=&#8221;full&#8221; alignment=&#8221;center&#8221;]<div class=\"mkdf-section-title-holder  \" >\n\t<div class=\"mkdf-st-inner\">\n\t\t            <h4 class=\"mkdf-st-subtitle\" >\n                2x24 Cans            <\/h4>\n        \t\t\t\t\t<h2 class=\"mkdf-st-title\" >\n\t\t\t\t$72.99\t\t\t<\/h2>\n\t\t        \t\t\t<\/div>\n<\/div>[\/vc_column_inner][vc_column_inner width=&#8221;1\/4&#8243;][vc_single_image image=&#8221;2495&#8243; img_size=&#8221;full&#8221; alignment=&#8221;center&#8221;]<div class=\"mkdf-section-title-holder  \" >\n\t<div class=\"mkdf-st-inner\">\n\t\t            <h4 class=\"mkdf-st-subtitle\" >\n                24 Cans            <\/h4>\n        \t\t\t\t\t<h2 class=\"mkdf-st-title\" >\n\t\t\t\t$40\t\t\t<\/h2>\n\t\t        \t\t\t<\/div>\n<\/div>[\/vc_column_inner][vc_column_inner width=&#8221;1\/4&#8243;][vc_single_image image=&#8221;2491&#8243; img_size=&#8221;full&#8221; alignment=&#8221;center&#8221;]<div class=\"mkdf-section-title-holder  \" >\n\t<div class=\"mkdf-st-inner\">\n\t\t            <h4 class=\"mkdf-st-subtitle\" >\n                24x473ml Cans            <\/h4>\n        \t\t\t\t\t<h2 class=\"mkdf-st-title\" >\n\t\t\t\t$56.99\t\t\t<\/h2>\n\t\t        \t\t\t<\/div>\n<\/div>[\/vc_column_inner][vc_column_inner width=&#8221;1\/4&#8243;][vc_single_image image=&#8221;2483&#8243; img_size=&#8221;full&#8221; alignment=&#8221;center&#8221;]<div class=\"mkdf-section-title-holder  \" >\n\t<div class=\"mkdf-st-inner\">\n\t\t            <h4 class=\"mkdf-st-subtitle\" >\n                48 Cans            <\/h4>\n        \t\t\t\t\t<h2 class=\"mkdf-st-title\" >\n\t\t\t\t$65.08\t\t\t<\/h2>\n\t\t        \t\t\t<\/div>\n<\/div>[\/vc_column_inner][\/vc_row_inner][vc_row_inner content_placement=&#8221;middle&#8221; row_content_width=&#8221;grid&#8221; content_text_aligment=&#8221;center&#8221;][vc_column_inner width=&#8221;1\/4&#8243;][vc_single_image image=&#8221;2475&#8243; img_size=&#8221;full&#8221; alignment=&#8221;center&#8221;]<div class=\"mkdf-section-title-holder  \" >\n\t<div class=\"mkdf-st-inner\">\n\t\t            <h4 class=\"mkdf-st-subtitle\" >\n                2x24 Bottles            <\/h4>\n        \t\t\t\t\t<h2 class=\"mkdf-st-title\" >\n\t\t\t\t$69.99\t\t\t<\/h2>\n\t\t        \t\t\t<\/div>\n<\/div>[\/vc_column_inner][vc_column_inner width=&#8221;1\/4&#8243;][vc_single_image image=&#8221;3814&#8243; img_size=&#8221;full&#8221; alignment=&#8221;center&#8221; css=&#8221;&#8221;]<div class=\"mkdf-section-title-holder  \" >\n\t<div class=\"mkdf-st-inner\">\n\t\t            <h4 class=\"mkdf-st-subtitle\" >\n                30 Cans            <\/h4>\n        \t\t\t\t\t<h2 class=\"mkdf-st-title\" >\n\t\t\t\t$39.93\t\t\t<\/h2>\n\t\t        \t\t\t<\/div>\n<\/div>[\/vc_column_inner][vc_column_inner width=&#8221;1\/4&#8243;][\/vc_column_inner][vc_column_inner width=&#8221;1\/4&#8243;][\/vc_column_inner][\/vc_row_inner][vc_empty_space][\/vc_column][\/vc_row]<\/p>\n<\/div>","protected":false},"excerpt":{"rendered":"<p>[vc_row row_content_width=&#8221;grid&#8221; content_text_aligment=&#8221;center&#8221; css=&#8221;.vc_custom_1715863544298{padding-top: 70px !important;padding-bottom: 70px !important;}&#8221;][vc_column][vc_empty_space height=&#8221;10px&#8221;][vc_row_inner content_placement=&#8221;middle&#8221; row_content_width=&#8221;grid&#8221; content_text_aligment=&#8221;center&#8221;][vc_column_inner width=&#8221;1\/4&#8243;][vc_single_image image=&#8221;2459&#8243; img_size=&#8221;full&#8221; alignment=&#8221;center&#8221;][\/vc_column_inner][vc_column_inner width=&#8221;1\/4&#8243;][vc_single_image image=&#8221;2588&#8243; img_size=&#8221;full&#8221; alignment=&#8221;center&#8221;][\/vc_column_inner][vc_column_inner width=&#8221;1\/4&#8243;][vc_single_image image=&#8221;2586&#8243; img_size=&#8221;full&#8221; alignment=&#8221;center&#8221;][\/vc_column_inner][vc_column_inner width=&#8221;1\/4&#8243;][vc_single_image image=&#8221;2436&#8243; img_size=&#8221;full&#8221; alignment=&#8221;center&#8221;][\/vc_column_inner][\/vc_row_inner][vc_row_inner content_placement=&#8221;middle&#8221; row_content_width=&#8221;grid&#8221; content_text_aligment=&#8221;center&#8221;][vc_column_inner width=&#8221;1\/4&#8243;][vc_single_image image=&#8221;2477&#8243; img_size=&#8221;full&#8221; alignment=&#8221;center&#8221;][\/vc_column_inner][vc_column_inner width=&#8221;1\/4&#8243;][vc_single_image image=&#8221;2481&#8243; img_size=&#8221;full&#8221; alignment=&#8221;center&#8221;][\/vc_column_inner][vc_column_inner width=&#8221;1\/4&#8243;][vc_single_image image=&#8221;2485&#8243; img_size=&#8221;full&#8221; [&hellip;]<\/p>\n","protected":false},"author":2,"featured_media":0,"parent":0,"menu_order":0,"comment_status":"closed","ping_status":"closed","template":"full-width.php","meta":{"footnotes":""},"class_list":["post-2400","page","type-page","status-publish","hentry"],"yoast_head":"<!-- This site is optimized with the Yoast SEO plugin v27.3 - https:\/\/yoast.com\/product\/yoast-seo-wordpress\/ -->\n<title>Specials - March\u00e9 Gravelle | Roi de la bi\u00e8re | Beer King<\/title>\n<meta name=\"description\" content=\"Votre magasin de bi\u00e8re pr\u00e9f\u00e9r\u00e9! Nos sp\u00e9ciaux sont \u00e0 des prix exceptionnels pour une vari\u00e9t\u00e9 importante en bi\u00e8re.\" \/>\n<meta name=\"robots\" content=\"index, follow, max-snippet:-1, max-image-preview:large, max-video-preview:-1\" \/>\n<link rel=\"canonical\" href=\"http:\/\/roidlabiere.com\/en\/specials\/\" \/>\n<meta property=\"og:locale\" content=\"en_US\" \/>\n<meta property=\"og:type\" content=\"article\" \/>\n<meta property=\"og:title\" content=\"Specials - March\u00e9 Gravelle | Roi de la bi\u00e8re | Beer King\" \/>\n<meta property=\"og:description\" content=\"Votre magasin de bi\u00e8re pr\u00e9f\u00e9r\u00e9! Nos sp\u00e9ciaux sont \u00e0 des prix exceptionnels pour une vari\u00e9t\u00e9 importante en bi\u00e8re.\" \/>\n<meta property=\"og:url\" content=\"http:\/\/roidlabiere.com\/en\/specials\/\" \/>\n<meta property=\"og:site_name\" content=\"March\u00e9 Gravelle | Roi de la bi\u00e8re | Beer King\" \/>\n<meta property=\"article:publisher\" content=\"https:\/\/www.facebook.com\/marchegravelle\" \/>\n<meta property=\"article:modified_time\" content=\"2026-04-01T14:39:01+00:00\" \/>\n<meta property=\"og:image\" content=\"http:\/\/roidlabiere.com\/wp-content\/uploads\/2024\/01\/secondary-pages-header.jpg\" \/>\n\t<meta property=\"og:image:width\" content=\"1920\" \/>\n\t<meta property=\"og:image:height\" content=\"700\" \/>\n\t<meta property=\"og:image:type\" content=\"image\/jpeg\" \/>\n<meta name=\"twitter:card\" content=\"summary_large_image\" \/>\n<meta name=\"twitter:label1\" content=\"Est. reading time\" \/>\n\t<meta name=\"twitter:data1\" content=\"7 minutes\" \/>\n<script type=\"application\/ld+json\" class=\"yoast-schema-graph\">{\"@context\":\"https:\\\/\\\/schema.org\",\"@graph\":[{\"@type\":\"WebPage\",\"@id\":\"http:\\\/\\\/roidlabiere.com\\\/en\\\/specials\\\/\",\"url\":\"http:\\\/\\\/roidlabiere.com\\\/en\\\/specials\\\/\",\"name\":\"Specials - March\u00e9 Gravelle | Roi de la bi\u00e8re | Beer King\",\"isPartOf\":{\"@id\":\"https:\\\/\\\/roidlabiere.com\\\/en\\\/#website\"},\"datePublished\":\"2018-04-19T07:11:06+00:00\",\"dateModified\":\"2026-04-01T14:39:01+00:00\",\"description\":\"Votre magasin de bi\u00e8re pr\u00e9f\u00e9r\u00e9! Nos sp\u00e9ciaux sont \u00e0 des prix exceptionnels pour une vari\u00e9t\u00e9 importante en bi\u00e8re.\",\"breadcrumb\":{\"@id\":\"http:\\\/\\\/roidlabiere.com\\\/en\\\/specials\\\/#breadcrumb\"},\"inLanguage\":\"en-US\",\"potentialAction\":[{\"@type\":\"ReadAction\",\"target\":[\"http:\\\/\\\/roidlabiere.com\\\/en\\\/specials\\\/\"]}]},{\"@type\":\"BreadcrumbList\",\"@id\":\"http:\\\/\\\/roidlabiere.com\\\/en\\\/specials\\\/#breadcrumb\",\"itemListElement\":[{\"@type\":\"ListItem\",\"position\":1,\"name\":\"Home\",\"item\":\"https:\\\/\\\/roidlabiere.com\\\/en\\\/\"},{\"@type\":\"ListItem\",\"position\":2,\"name\":\"Specials\"}]},{\"@type\":\"WebSite\",\"@id\":\"https:\\\/\\\/roidlabiere.com\\\/en\\\/#website\",\"url\":\"https:\\\/\\\/roidlabiere.com\\\/en\\\/\",\"name\":\"March\u00e9 Gravelle | Roi de la Bi\u00e8re, Beer King, Sp\u00e9cialis\u00e9 en vente de bi\u00e8re \u00e0 meilleurs prix !\",\"description\":\"Le roi de la bi\u00e8re | Beer King\",\"publisher\":{\"@id\":\"https:\\\/\\\/roidlabiere.com\\\/en\\\/#organization\"},\"potentialAction\":[{\"@type\":\"SearchAction\",\"target\":{\"@type\":\"EntryPoint\",\"urlTemplate\":\"https:\\\/\\\/roidlabiere.com\\\/en\\\/?s={search_term_string}\"},\"query-input\":{\"@type\":\"PropertyValueSpecification\",\"valueRequired\":true,\"valueName\":\"search_term_string\"}}],\"inLanguage\":\"en-US\"},{\"@type\":\"Organization\",\"@id\":\"https:\\\/\\\/roidlabiere.com\\\/en\\\/#organization\",\"name\":\"March\u00e9 Gravelle\",\"url\":\"https:\\\/\\\/roidlabiere.com\\\/en\\\/\",\"logo\":{\"@type\":\"ImageObject\",\"inLanguage\":\"en-US\",\"@id\":\"https:\\\/\\\/roidlabiere.com\\\/en\\\/#\\\/schema\\\/logo\\\/image\\\/\",\"url\":\"http:\\\/\\\/roidlabiere.com\\\/wp-content\\\/uploads\\\/2024\\\/01\\\/cropped-favicon.png\",\"contentUrl\":\"http:\\\/\\\/roidlabiere.com\\\/wp-content\\\/uploads\\\/2024\\\/01\\\/cropped-favicon.png\",\"width\":512,\"height\":512,\"caption\":\"March\u00e9 Gravelle\"},\"image\":{\"@id\":\"https:\\\/\\\/roidlabiere.com\\\/en\\\/#\\\/schema\\\/logo\\\/image\\\/\"},\"sameAs\":[\"https:\\\/\\\/www.facebook.com\\\/marchegravelle\"]}]}<\/script>\n<!-- \/ Yoast SEO plugin. -->","yoast_head_json":{"title":"Specials - March\u00e9 Gravelle | Roi de la bi\u00e8re | Beer King","description":"Votre magasin de bi\u00e8re pr\u00e9f\u00e9r\u00e9! Nos sp\u00e9ciaux sont \u00e0 des prix exceptionnels pour une vari\u00e9t\u00e9 importante en bi\u00e8re.","robots":{"index":"index","follow":"follow","max-snippet":"max-snippet:-1","max-image-preview":"max-image-preview:large","max-video-preview":"max-video-preview:-1"},"canonical":"http:\/\/roidlabiere.com\/en\/specials\/","og_locale":"en_US","og_type":"article","og_title":"Specials - March\u00e9 Gravelle | Roi de la bi\u00e8re | Beer King","og_description":"Votre magasin de bi\u00e8re pr\u00e9f\u00e9r\u00e9! Nos sp\u00e9ciaux sont \u00e0 des prix exceptionnels pour une vari\u00e9t\u00e9 importante en bi\u00e8re.","og_url":"http:\/\/roidlabiere.com\/en\/specials\/","og_site_name":"March\u00e9 Gravelle | Roi de la bi\u00e8re | Beer King","article_publisher":"https:\/\/www.facebook.com\/marchegravelle","article_modified_time":"2026-04-01T14:39:01+00:00","og_image":[{"width":1920,"height":700,"url":"http:\/\/roidlabiere.com\/wp-content\/uploads\/2024\/01\/secondary-pages-header.jpg","type":"image\/jpeg"}],"twitter_card":"summary_large_image","twitter_misc":{"Est. reading time":"7 minutes"},"schema":{"@context":"https:\/\/schema.org","@graph":[{"@type":"WebPage","@id":"http:\/\/roidlabiere.com\/en\/specials\/","url":"http:\/\/roidlabiere.com\/en\/specials\/","name":"Specials - March\u00e9 Gravelle | Roi de la bi\u00e8re | Beer King","isPartOf":{"@id":"https:\/\/roidlabiere.com\/en\/#website"},"datePublished":"2018-04-19T07:11:06+00:00","dateModified":"2026-04-01T14:39:01+00:00","description":"Votre magasin de bi\u00e8re pr\u00e9f\u00e9r\u00e9! Nos sp\u00e9ciaux sont \u00e0 des prix exceptionnels pour une vari\u00e9t\u00e9 importante en bi\u00e8re.","breadcrumb":{"@id":"http:\/\/roidlabiere.com\/en\/specials\/#breadcrumb"},"inLanguage":"en-US","potentialAction":[{"@type":"ReadAction","target":["http:\/\/roidlabiere.com\/en\/specials\/"]}]},{"@type":"BreadcrumbList","@id":"http:\/\/roidlabiere.com\/en\/specials\/#breadcrumb","itemListElement":[{"@type":"ListItem","position":1,"name":"Home","item":"https:\/\/roidlabiere.com\/en\/"},{"@type":"ListItem","position":2,"name":"Specials"}]},{"@type":"WebSite","@id":"https:\/\/roidlabiere.com\/en\/#website","url":"https:\/\/roidlabiere.com\/en\/","name":"March\u00e9 Gravelle | Roi de la Bi\u00e8re, Beer King, Sp\u00e9cialis\u00e9 en vente de bi\u00e8re \u00e0 meilleurs prix !","description":"Le roi de la bi\u00e8re | Beer King","publisher":{"@id":"https:\/\/roidlabiere.com\/en\/#organization"},"potentialAction":[{"@type":"SearchAction","target":{"@type":"EntryPoint","urlTemplate":"https:\/\/roidlabiere.com\/en\/?s={search_term_string}"},"query-input":{"@type":"PropertyValueSpecification","valueRequired":true,"valueName":"search_term_string"}}],"inLanguage":"en-US"},{"@type":"Organization","@id":"https:\/\/roidlabiere.com\/en\/#organization","name":"March\u00e9 Gravelle","url":"https:\/\/roidlabiere.com\/en\/","logo":{"@type":"ImageObject","inLanguage":"en-US","@id":"https:\/\/roidlabiere.com\/en\/#\/schema\/logo\/image\/","url":"http:\/\/roidlabiere.com\/wp-content\/uploads\/2024\/01\/cropped-favicon.png","contentUrl":"http:\/\/roidlabiere.com\/wp-content\/uploads\/2024\/01\/cropped-favicon.png","width":512,"height":512,"caption":"March\u00e9 Gravelle"},"image":{"@id":"https:\/\/roidlabiere.com\/en\/#\/schema\/logo\/image\/"},"sameAs":["https:\/\/www.facebook.com\/marchegravelle"]}]}},"_links":{"self":[{"href":"http:\/\/roidlabiere.com\/en\/wp-json\/wp\/v2\/pages\/2400","targetHints":{"allow":["GET"]}}],"collection":[{"href":"http:\/\/roidlabiere.com\/en\/wp-json\/wp\/v2\/pages"}],"about":[{"href":"http:\/\/roidlabiere.com\/en\/wp-json\/wp\/v2\/types\/page"}],"author":[{"embeddable":true,"href":"http:\/\/roidlabiere.com\/en\/wp-json\/wp\/v2\/users\/2"}],"replies":[{"embeddable":true,"href":"http:\/\/roidlabiere.com\/en\/wp-json\/wp\/v2\/comments?post=2400"}],"version-history":[{"count":21,"href":"http:\/\/roidlabiere.com\/en\/wp-json\/wp\/v2\/pages\/2400\/revisions"}],"predecessor-version":[{"id":3968,"href":"http:\/\/roidlabiere.com\/en\/wp-json\/wp\/v2\/pages\/2400\/revisions\/3968"}],"wp:attachment":[{"href":"http:\/\/roidlabiere.com\/en\/wp-json\/wp\/v2\/media?parent=2400"}],"curies":[{"name":"wp","href":"https:\/\/api.w.org\/{rel}","templated":true}]}}