{"id":2393,"date":"2018-04-13T11:00:50","date_gmt":"2018-04-13T11:00:50","guid":{"rendered":"https:\/\/roidlabiere.com\/a-propos\/"},"modified":"2024-05-16T19:13:50","modified_gmt":"2024-05-16T19:13:50","slug":"about-us","status":"publish","type":"page","link":"http:\/\/roidlabiere.com\/en\/about-us\/","title":{"rendered":"About us"},"content":{"rendered":"<div class=\"wpb-content-wrapper\"><p>[vc_row content_placement=&#8221;middle&#8221; row_content_width=&#8221;grid&#8221; disable_background_image=&#8221;&#8221; content_text_aligment=&#8221;left&#8221; css=&#8221;.vc_custom_1705328552881{padding-top: 126px !important;padding-bottom: 72px !important;}&#8221; simple_background_image=&#8221;33&#8243;][vc_column offset=&#8221;vc_col-lg-offset-0 vc_col-lg-4 vc_col-md-offset-0 vc_col-md-12 vc_col-sm-offset-0 vc_col-xs-12&#8243;]<div class=\"mkdf-section-title-holder  \" >\n\t<div class=\"mkdf-st-inner\">\n\t\t            <h4 class=\"mkdf-st-subtitle\" style=\"margin: 0 0 16px 0\">\n                Our Products            <\/h4>\n        \t\t\t\t\t<h2 class=\"mkdf-st-title\" >\n\t\t\t\tEXCEPTIONAL PRICES AND<br \/> A <span class=\"mkdf-st-title-colored\">VARIETY<\/span> OF BEER\t\t\t<\/h2>\n\t\t                <div class=\"mkdf-st-separator\" style=\"margin-top:12px\">\n            <img decoding=\"async\" itemprop=\"image\" src=\"http:\/\/roidlabiere.com\/wp-content\/uploads\/2024\/01\/separator.png\" alt=\"Separator image\" \/>\n        <\/div>\n        \t\t\t<\/div>\n<\/div>[vc_empty_space height=&#8221;67px&#8221;][\/vc_column][vc_column width=&#8221;1\/2&#8243; offset=&#8221;vc_col-lg-offset-0 vc_col-lg-4 vc_col-md-offset-0 vc_col-md-6 vc_col-sm-offset-0 vc_col-xs-12&#8243;]<div class=\"mkdf-iwt clearfix  mkdf-iwt-icon-left mkdf-iwt-icon-medium \">\n\t<div class=\"mkdf-iwt-icon\">\n\t\t\t\t\t<a itemprop=\"url\" href=\"#\" target=\"_self\">\n\t\t\t\t\t    <span class=\"mkdf-icon-shortcode mkdf-normal    mkdf-icon-medium\"  >\n        <span class=\"mkdf-icon-bckg-holder\" ><\/span>\n                    <i class=\"mkdf-icon-font-awesome fa  mkdf-icon-element\" style=\"\" ><\/i>                    <\/span>\n\t\t\t\t\t<\/a>\n\t\t\t<\/div>\n\t<div class=\"mkdf-iwt-content\" >\n\t\t\t\t\t<h5 class=\"mkdf-iwt-title\" >\n\t\t\t\t\t\t\t\t\t<a itemprop=\"url\" href=\"#\" target=\"_self\">\n\t\t\t\t\t\t\t\t<span class=\"mkdf-iwt-title-text\">TREATS<\/span>\n\t\t\t\t\t\t\t\t\t<\/a>\n\t\t\t\t\t\t\t<\/h5>\n\t\t\t\t\t\t\t<p class=\"mkdf-iwt-text\" >A variety of snacks that satisfies every craving \u2013 discover your perfect bite!<\/p>\n\t\t\t<\/div>\n<\/div>[vc_empty_space height=&#8221;50px&#8221;]<div class=\"mkdf-iwt clearfix  mkdf-iwt-icon-left mkdf-iwt-icon-medium \">\n\t<div class=\"mkdf-iwt-icon\">\n\t\t\t\t\t<a itemprop=\"url\" href=\"#\" target=\"_self\">\n\t\t\t\t\t    <span class=\"mkdf-icon-shortcode mkdf-normal    mkdf-icon-medium\"  >\n        <span class=\"mkdf-icon-bckg-holder\" ><\/span>\n                    <i class=\"mkdf-icon-font-awesome fa  mkdf-icon-element\" style=\"\" ><\/i>                    <\/span>\n\t\t\t\t\t<\/a>\n\t\t\t<\/div>\n\t<div class=\"mkdf-iwt-content\" >\n\t\t\t\t\t<h5 class=\"mkdf-iwt-title\" >\n\t\t\t\t\t\t\t\t\t<a itemprop=\"url\" href=\"#\" target=\"_self\">\n\t\t\t\t\t\t\t\t<span class=\"mkdf-iwt-title-text\">ENERGY DRINK<\/span>\n\t\t\t\t\t\t\t\t\t<\/a>\n\t\t\t\t\t\t\t<\/h5>\n\t\t\t\t\t\t\t<p class=\"mkdf-iwt-text\" >Our energy drinks fuel your day with an electrifying boost of vitality and focus.<\/p>\n\t\t\t<\/div>\n<\/div>[vc_empty_space height=&#8221;50px&#8221;][\/vc_column][vc_column width=&#8221;1\/2&#8243; offset=&#8221;vc_col-lg-offset-0 vc_col-lg-4 vc_col-md-offset-0 vc_col-md-6 vc_col-sm-offset-0 vc_col-xs-12&#8243;]<div class=\"mkdf-iwt clearfix  mkdf-iwt-icon-left mkdf-iwt-icon-medium \">\n\t<div class=\"mkdf-iwt-icon\">\n\t\t\t\t\t<a itemprop=\"url\" href=\"#\" target=\"_self\">\n\t\t\t\t\t    <span class=\"mkdf-icon-shortcode mkdf-normal    mkdf-icon-medium\"  >\n        <span class=\"mkdf-icon-bckg-holder\" ><\/span>\n                    <i class=\"mkdf-icon-font-awesome fa  mkdf-icon-element\" style=\"\" ><\/i>                    <\/span>\n\t\t\t\t\t<\/a>\n\t\t\t<\/div>\n\t<div class=\"mkdf-iwt-content\" >\n\t\t\t\t\t<h5 class=\"mkdf-iwt-title\" >\n\t\t\t\t\t\t\t\t\t<a itemprop=\"url\" href=\"#\" target=\"_self\">\n\t\t\t\t\t\t\t\t<span class=\"mkdf-iwt-title-text\">ARTISANAL BEER<\/span>\n\t\t\t\t\t\t\t\t\t<\/a>\n\t\t\t\t\t\t\t<\/h5>\n\t\t\t\t\t\t\t<p class=\"mkdf-iwt-text\" >Enhance your convenience store experience with our beer selection \u2013 because exceptional times deserve exceptional beers.<\/p>\n\t\t\t<\/div>\n<\/div>[vc_empty_space height=&#8221;50px&#8221;]<div class=\"mkdf-iwt clearfix  mkdf-iwt-icon-left mkdf-iwt-icon-medium \">\n\t<div class=\"mkdf-iwt-icon\">\n\t\t\t\t\t<a itemprop=\"url\" href=\"#\" target=\"_self\">\n\t\t\t\t\t    <span class=\"mkdf-icon-shortcode mkdf-normal    mkdf-icon-medium\"  >\n        <span class=\"mkdf-icon-bckg-holder\" ><\/span>\n                    <i class=\"mkdf-icon-font-awesome fa  mkdf-icon-element\" style=\"\" ><\/i>                    <\/span>\n\t\t\t\t\t<\/a>\n\t\t\t<\/div>\n\t<div class=\"mkdf-iwt-content\" >\n\t\t\t\t\t<h5 class=\"mkdf-iwt-title\" >\n\t\t\t\t\t\t\t\t\t<a itemprop=\"url\" href=\"#\" target=\"_self\">\n\t\t\t\t\t\t\t\t<span class=\"mkdf-iwt-title-text\">RED, WHITE OR ROS\u00c9 WINE<\/span>\n\t\t\t\t\t\t\t\t\t<\/a>\n\t\t\t\t\t\t\t<\/h5>\n\t\t\t\t\t\t\t<p class=\"mkdf-iwt-text\" >Dive into a mix of easy-to-find wines, because everyone deserves a simple, enjoyable evening<\/p>\n\t\t\t<\/div>\n<\/div>[vc_empty_space height=&#8221;50px&#8221;][\/vc_column][\/vc_row]<\/p>\n<\/div>","protected":false},"excerpt":{"rendered":"<p>[vc_row content_placement=&#8221;middle&#8221; row_content_width=&#8221;grid&#8221; disable_background_image=&#8221;&#8221; content_text_aligment=&#8221;left&#8221; css=&#8221;.vc_custom_1705328552881{padding-top: 126px !important;padding-bottom: 72px !important;}&#8221; simple_background_image=&#8221;33&#8243;][vc_column offset=&#8221;vc_col-lg-offset-0 vc_col-lg-4 vc_col-md-offset-0 vc_col-md-12 vc_col-sm-offset-0 vc_col-xs-12&#8243;][vc_empty_space height=&#8221;67px&#8221;][\/vc_column][vc_column width=&#8221;1\/2&#8243; offset=&#8221;vc_col-lg-offset-0 vc_col-lg-4 vc_col-md-offset-0 vc_col-md-6 vc_col-sm-offset-0 vc_col-xs-12&#8243;][vc_empty_space height=&#8221;50px&#8221;][vc_empty_space height=&#8221;50px&#8221;][\/vc_column][vc_column width=&#8221;1\/2&#8243; offset=&#8221;vc_col-lg-offset-0 vc_col-lg-4 vc_col-md-offset-0 vc_col-md-6 vc_col-sm-offset-0 vc_col-xs-12&#8243;][vc_empty_space height=&#8221;50px&#8221;][vc_empty_space height=&#8221;50px&#8221;][\/vc_column][\/vc_row]<\/p>\n","protected":false},"author":2,"featured_media":0,"parent":0,"menu_order":0,"comment_status":"closed","ping_status":"closed","template":"full-width.php","meta":{"footnotes":""},"class_list":["post-2393","page","type-page","status-publish","hentry"],"yoast_head":"<!-- This site is optimized with the Yoast SEO plugin v27.4 - https:\/\/yoast.com\/product\/yoast-seo-wordpress\/ -->\n<title>About us - March\u00e9 Gravelle | Roi de la bi\u00e8re | Beer King<\/title>\n<meta name=\"description\" content=\"Nos produits exceptionnels: des friandises, de la bi\u00e8re artisanale, des boissons \u00e9nergisante et du vin rouge, blanc ou ros\u00e9.\" \/>\n<meta name=\"robots\" content=\"index, follow, max-snippet:-1, max-image-preview:large, max-video-preview:-1\" \/>\n<link rel=\"canonical\" href=\"http:\/\/roidlabiere.com\/en\/about-us\/\" \/>\n<meta property=\"og:locale\" content=\"en_US\" \/>\n<meta property=\"og:type\" content=\"article\" \/>\n<meta property=\"og:title\" content=\"About us - March\u00e9 Gravelle | Roi de la bi\u00e8re | Beer King\" \/>\n<meta property=\"og:description\" content=\"Nos produits exceptionnels: des friandises, de la bi\u00e8re artisanale, des boissons \u00e9nergisante et du vin rouge, blanc ou ros\u00e9.\" \/>\n<meta property=\"og:url\" content=\"http:\/\/roidlabiere.com\/en\/about-us\/\" \/>\n<meta property=\"og:site_name\" content=\"March\u00e9 Gravelle | Roi de la bi\u00e8re | Beer King\" \/>\n<meta property=\"article:publisher\" content=\"https:\/\/www.facebook.com\/marchegravelle\" \/>\n<meta property=\"article:modified_time\" content=\"2024-05-16T19:13:50+00:00\" \/>\n<meta property=\"og:image\" content=\"http:\/\/roidlabiere.com\/wp-content\/uploads\/2024\/01\/secondary-pages-header.jpg\" \/>\n\t<meta property=\"og:image:width\" content=\"1920\" \/>\n\t<meta property=\"og:image:height\" content=\"700\" \/>\n\t<meta property=\"og:image:type\" content=\"image\/jpeg\" \/>\n<meta name=\"twitter:card\" content=\"summary_large_image\" \/>\n<meta name=\"twitter:label1\" content=\"Est. reading time\" \/>\n\t<meta name=\"twitter:data1\" content=\"1 minute\" \/>\n<script type=\"application\/ld+json\" class=\"yoast-schema-graph\">{\"@context\":\"https:\\\/\\\/schema.org\",\"@graph\":[{\"@type\":\"WebPage\",\"@id\":\"http:\\\/\\\/roidlabiere.com\\\/en\\\/about-us\\\/\",\"url\":\"http:\\\/\\\/roidlabiere.com\\\/en\\\/about-us\\\/\",\"name\":\"About us - March\u00e9 Gravelle | Roi de la bi\u00e8re | Beer King\",\"isPartOf\":{\"@id\":\"https:\\\/\\\/roidlabiere.com\\\/en\\\/#website\"},\"datePublished\":\"2018-04-13T11:00:50+00:00\",\"dateModified\":\"2024-05-16T19:13:50+00:00\",\"description\":\"Nos produits exceptionnels: des friandises, de la bi\u00e8re artisanale, des boissons \u00e9nergisante et du vin rouge, blanc ou ros\u00e9.\",\"breadcrumb\":{\"@id\":\"http:\\\/\\\/roidlabiere.com\\\/en\\\/about-us\\\/#breadcrumb\"},\"inLanguage\":\"en-US\",\"potentialAction\":[{\"@type\":\"ReadAction\",\"target\":[\"http:\\\/\\\/roidlabiere.com\\\/en\\\/about-us\\\/\"]}]},{\"@type\":\"BreadcrumbList\",\"@id\":\"http:\\\/\\\/roidlabiere.com\\\/en\\\/about-us\\\/#breadcrumb\",\"itemListElement\":[{\"@type\":\"ListItem\",\"position\":1,\"name\":\"Home\",\"item\":\"https:\\\/\\\/roidlabiere.com\\\/en\\\/\"},{\"@type\":\"ListItem\",\"position\":2,\"name\":\"About us\"}]},{\"@type\":\"WebSite\",\"@id\":\"https:\\\/\\\/roidlabiere.com\\\/en\\\/#website\",\"url\":\"https:\\\/\\\/roidlabiere.com\\\/en\\\/\",\"name\":\"March\u00e9 Gravelle | Roi de la Bi\u00e8re, Beer King, Sp\u00e9cialis\u00e9 en vente de bi\u00e8re \u00e0 meilleurs prix !\",\"description\":\"Le roi de la bi\u00e8re | Beer King\",\"publisher\":{\"@id\":\"https:\\\/\\\/roidlabiere.com\\\/en\\\/#organization\"},\"potentialAction\":[{\"@type\":\"SearchAction\",\"target\":{\"@type\":\"EntryPoint\",\"urlTemplate\":\"https:\\\/\\\/roidlabiere.com\\\/en\\\/?s={search_term_string}\"},\"query-input\":{\"@type\":\"PropertyValueSpecification\",\"valueRequired\":true,\"valueName\":\"search_term_string\"}}],\"inLanguage\":\"en-US\"},{\"@type\":\"Organization\",\"@id\":\"https:\\\/\\\/roidlabiere.com\\\/en\\\/#organization\",\"name\":\"March\u00e9 Gravelle\",\"url\":\"https:\\\/\\\/roidlabiere.com\\\/en\\\/\",\"logo\":{\"@type\":\"ImageObject\",\"inLanguage\":\"en-US\",\"@id\":\"https:\\\/\\\/roidlabiere.com\\\/en\\\/#\\\/schema\\\/logo\\\/image\\\/\",\"url\":\"http:\\\/\\\/roidlabiere.com\\\/wp-content\\\/uploads\\\/2024\\\/01\\\/cropped-favicon.png\",\"contentUrl\":\"http:\\\/\\\/roidlabiere.com\\\/wp-content\\\/uploads\\\/2024\\\/01\\\/cropped-favicon.png\",\"width\":512,\"height\":512,\"caption\":\"March\u00e9 Gravelle\"},\"image\":{\"@id\":\"https:\\\/\\\/roidlabiere.com\\\/en\\\/#\\\/schema\\\/logo\\\/image\\\/\"},\"sameAs\":[\"https:\\\/\\\/www.facebook.com\\\/marchegravelle\"]}]}<\/script>\n<!-- \/ Yoast SEO plugin. -->","yoast_head_json":{"title":"About us - March\u00e9 Gravelle | Roi de la bi\u00e8re | Beer King","description":"Nos produits exceptionnels: des friandises, de la bi\u00e8re artisanale, des boissons \u00e9nergisante et du vin rouge, blanc ou ros\u00e9.","robots":{"index":"index","follow":"follow","max-snippet":"max-snippet:-1","max-image-preview":"max-image-preview:large","max-video-preview":"max-video-preview:-1"},"canonical":"http:\/\/roidlabiere.com\/en\/about-us\/","og_locale":"en_US","og_type":"article","og_title":"About us - March\u00e9 Gravelle | Roi de la bi\u00e8re | Beer King","og_description":"Nos produits exceptionnels: des friandises, de la bi\u00e8re artisanale, des boissons \u00e9nergisante et du vin rouge, blanc ou ros\u00e9.","og_url":"http:\/\/roidlabiere.com\/en\/about-us\/","og_site_name":"March\u00e9 Gravelle | Roi de la bi\u00e8re | Beer King","article_publisher":"https:\/\/www.facebook.com\/marchegravelle","article_modified_time":"2024-05-16T19:13:50+00:00","og_image":[{"width":1920,"height":700,"url":"http:\/\/roidlabiere.com\/wp-content\/uploads\/2024\/01\/secondary-pages-header.jpg","type":"image\/jpeg"}],"twitter_card":"summary_large_image","twitter_misc":{"Est. reading time":"1 minute"},"schema":{"@context":"https:\/\/schema.org","@graph":[{"@type":"WebPage","@id":"http:\/\/roidlabiere.com\/en\/about-us\/","url":"http:\/\/roidlabiere.com\/en\/about-us\/","name":"About us - March\u00e9 Gravelle | Roi de la bi\u00e8re | Beer King","isPartOf":{"@id":"https:\/\/roidlabiere.com\/en\/#website"},"datePublished":"2018-04-13T11:00:50+00:00","dateModified":"2024-05-16T19:13:50+00:00","description":"Nos produits exceptionnels: des friandises, de la bi\u00e8re artisanale, des boissons \u00e9nergisante et du vin rouge, blanc ou ros\u00e9.","breadcrumb":{"@id":"http:\/\/roidlabiere.com\/en\/about-us\/#breadcrumb"},"inLanguage":"en-US","potentialAction":[{"@type":"ReadAction","target":["http:\/\/roidlabiere.com\/en\/about-us\/"]}]},{"@type":"BreadcrumbList","@id":"http:\/\/roidlabiere.com\/en\/about-us\/#breadcrumb","itemListElement":[{"@type":"ListItem","position":1,"name":"Home","item":"https:\/\/roidlabiere.com\/en\/"},{"@type":"ListItem","position":2,"name":"About us"}]},{"@type":"WebSite","@id":"https:\/\/roidlabiere.com\/en\/#website","url":"https:\/\/roidlabiere.com\/en\/","name":"March\u00e9 Gravelle | Roi de la Bi\u00e8re, Beer King, Sp\u00e9cialis\u00e9 en vente de bi\u00e8re \u00e0 meilleurs prix !","description":"Le roi de la bi\u00e8re | Beer King","publisher":{"@id":"https:\/\/roidlabiere.com\/en\/#organization"},"potentialAction":[{"@type":"SearchAction","target":{"@type":"EntryPoint","urlTemplate":"https:\/\/roidlabiere.com\/en\/?s={search_term_string}"},"query-input":{"@type":"PropertyValueSpecification","valueRequired":true,"valueName":"search_term_string"}}],"inLanguage":"en-US"},{"@type":"Organization","@id":"https:\/\/roidlabiere.com\/en\/#organization","name":"March\u00e9 Gravelle","url":"https:\/\/roidlabiere.com\/en\/","logo":{"@type":"ImageObject","inLanguage":"en-US","@id":"https:\/\/roidlabiere.com\/en\/#\/schema\/logo\/image\/","url":"http:\/\/roidlabiere.com\/wp-content\/uploads\/2024\/01\/cropped-favicon.png","contentUrl":"http:\/\/roidlabiere.com\/wp-content\/uploads\/2024\/01\/cropped-favicon.png","width":512,"height":512,"caption":"March\u00e9 Gravelle"},"image":{"@id":"https:\/\/roidlabiere.com\/en\/#\/schema\/logo\/image\/"},"sameAs":["https:\/\/www.facebook.com\/marchegravelle"]}]}},"_links":{"self":[{"href":"http:\/\/roidlabiere.com\/en\/wp-json\/wp\/v2\/pages\/2393","targetHints":{"allow":["GET"]}}],"collection":[{"href":"http:\/\/roidlabiere.com\/en\/wp-json\/wp\/v2\/pages"}],"about":[{"href":"http:\/\/roidlabiere.com\/en\/wp-json\/wp\/v2\/types\/page"}],"author":[{"embeddable":true,"href":"http:\/\/roidlabiere.com\/en\/wp-json\/wp\/v2\/users\/2"}],"replies":[{"embeddable":true,"href":"http:\/\/roidlabiere.com\/en\/wp-json\/wp\/v2\/comments?post=2393"}],"version-history":[{"count":5,"href":"http:\/\/roidlabiere.com\/en\/wp-json\/wp\/v2\/pages\/2393\/revisions"}],"predecessor-version":[{"id":2399,"href":"http:\/\/roidlabiere.com\/en\/wp-json\/wp\/v2\/pages\/2393\/revisions\/2399"}],"wp:attachment":[{"href":"http:\/\/roidlabiere.com\/en\/wp-json\/wp\/v2\/media?parent=2393"}],"curies":[{"name":"wp","href":"https:\/\/api.w.org\/{rel}","templated":true}]}}