{"id":2374,"date":"2018-04-13T11:32:43","date_gmt":"2018-04-13T11:32:43","guid":{"rendered":"https:\/\/roidlabiere.com\/nous-joindre\/"},"modified":"2024-05-16T18:51:33","modified_gmt":"2024-05-16T18:51:33","slug":"contact-us","status":"publish","type":"page","link":"http:\/\/roidlabiere.com\/en\/contact-us\/","title":{"rendered":"Contact us"},"content":{"rendered":"<div class=\"wpb-content-wrapper\"><p>[vc_row row_content_width=&#8221;grid&#8221; disable_background_image=&#8221;&#8221; css=&#8221;.vc_custom_1705416340646{padding-top: 100px !important;padding-bottom: 70px !important;}&#8221; simple_background_image=&#8221;613&#8243;][vc_column][vc_row_inner][vc_column_inner width=&#8221;1\/4&#8243;]<div class=\"mkdf-section-title-holder  \" style=\"text-align: left\">\n\t<div class=\"mkdf-st-inner\">\n\t\t\t\t\t\t\t<h3 class=\"mkdf-st-title\" >\n\t\t\t\tWhere to find us\t\t\t<\/h3>\n\t\t                <div class=\"mkdf-st-separator\" style=\"margin-top:-4px\">\n            <img decoding=\"async\" itemprop=\"image\" src=\"http:\/\/roidlabiere.com\/wp-content\/uploads\/2024\/01\/separator.png\" alt=\"Separator image\" \/>\n        <\/div>\n        \t\t\t<\/div>\n<\/div>[vc_empty_space height=&#8221;26px&#8221;]<div class=\"mkdf-icon-list-holder \" >\n\t<div class=\"mkdf-il-icon-holder\">\n\t\t<i class=\"mkdf-icon-font-awesome fa fa-home \"><\/i>\t<\/div>\n\t<p class=\"mkdf-il-text\" style=\"padding-left: 22px\">Gatineau, 29 Dalhousie Street<\/p>\n<\/div>\n<div class=\"mkdf-icon-list-holder \" >\n\t<div class=\"mkdf-il-icon-holder\">\n\t\t<i class=\"mkdf-icon-font-awesome fa fa-phone \"><\/i>\t<\/div>\n\t<p class=\"mkdf-il-text\" style=\"padding-left: 22px\">Tel: 819-682-5533<\/p>\n<\/div>\n    <a itemprop=\"url\" href=\"mailto:support@marchegravelle.com\" target=\"_self\">\n<div class=\"mkdf-icon-list-holder \" >\n\t<div class=\"mkdf-il-icon-holder\">\n\t\t<i class=\"mkdf-icon-font-awesome fa fa-comments \"><\/i>\t<\/div>\n\t<p class=\"mkdf-il-text\" style=\"padding-left: 22px\">Email: support@roidlabiere.com<\/p>\n<\/div>\n    <\/a>\n[vc_empty_space height=&#8221;26px&#8221;][\/vc_column_inner][vc_column_inner width=&#8221;3\/4&#8243;][vc_empty_space height=&#8221;14px&#8221;]\n<div class=\"wpcf7 no-js\" id=\"wpcf7-f2391-o1\" lang=\"en-US\" dir=\"ltr\" data-wpcf7-id=\"2391\">\n<div class=\"screen-reader-response\"><p role=\"status\" aria-live=\"polite\" aria-atomic=\"true\"><\/p> <ul><\/ul><\/div>\n<form action=\"\/en\/wp-json\/wp\/v2\/pages\/2374#wpcf7-f2391-o1\" method=\"post\" class=\"wpcf7-form init\" aria-label=\"Contact form\" novalidate=\"novalidate\" data-status=\"init\">\n<fieldset class=\"hidden-fields-container\"><input type=\"hidden\" name=\"_wpcf7\" value=\"2391\" \/><input type=\"hidden\" name=\"_wpcf7_version\" value=\"6.1.5\" \/><input type=\"hidden\" name=\"_wpcf7_locale\" value=\"en_US\" \/><input type=\"hidden\" name=\"_wpcf7_unit_tag\" value=\"wpcf7-f2391-o1\" \/><input type=\"hidden\" name=\"_wpcf7_container_post\" value=\"0\" \/><input type=\"hidden\" name=\"_wpcf7_posted_data_hash\" value=\"\" \/>\n<\/fieldset>\n<div class=\"mkdf-grid-row qodef-grid-normal-gutter\">\n\t<div class=\"mkdf-grid-col-6\">\n\t\t<p><span class=\"wpcf7-form-control-wrap\" data-name=\"your-name\"><input size=\"40\" maxlength=\"400\" class=\"wpcf7-form-control wpcf7-text wpcf7-validates-as-required\" aria-required=\"true\" aria-invalid=\"false\" placeholder=\"Your name\" value=\"\" type=\"text\" name=\"your-name\" \/><\/span>\n\t\t<\/p>\n\t<\/div>\n\t<div class=\"mkdf-grid-col-6\">\n\t\t<p><span class=\"wpcf7-form-control-wrap\" data-name=\"your-email\"><input size=\"40\" maxlength=\"400\" class=\"wpcf7-form-control wpcf7-email wpcf7-validates-as-required wpcf7-text wpcf7-validates-as-email\" aria-required=\"true\" aria-invalid=\"false\" placeholder=\"Your email\" value=\"\" type=\"email\" name=\"your-email\" \/><\/span>\n\t\t<\/p>\n\t<\/div>\n<\/div>\n<p><span class=\"wpcf7-form-control-wrap\" data-name=\"your-message\"><textarea cols=\"40\" rows=\"10\" maxlength=\"2000\" class=\"wpcf7-form-control wpcf7-textarea\" aria-invalid=\"false\" placeholder=\"Ask us something...\" name=\"your-message\"><\/textarea><\/span>\n<\/p>\n<p><p><span class=\"wpcf7-form-control-wrap\"><input type=\"hidden\" name=\"php_start_time\" value=\"1777617978.9232\" \/><input type=\"hidden\" name=\"js_end_time\" class=\"js_end_time\" value=\"\" \/><input type=\"hidden\" name=\"js_start_time\" class=\"js_start_time\" value=\"\" \/><div class=\"f12t\"><input type=\"hidden\" class=\"f12_timer\" name=\"f12_multiple_submission_protection\" value=\"$2y$10$5UcIShQrqxU65GF6uO8F9u3ZSdhoZGrIaMXrJ8cTtTKnukJRGIWrm\"\/><\/div><div class=\"f12-captcha template-0\">\r\n    <div class=\"c-header\">\r\n        <!-- Label correctly linked with `for` -->\r\n        <label for=\"c_d87a5c53be88fd849438\" class=\"c-label\">CAPTCHA<\/label>\r\n\r\n        <!-- CAPTCHA data with ARIA attributes for screen readers -->\r\n        <div class=\"c-data\" aria-live=\"polite\" aria-describedby=\"captcha-instructions\">\r\n\t\t\t<span class=\"captcha-calculation\">9 - 1 = ?<\/span>        <\/div>\r\n        <div class=\"c-reload\" role=\"button\" tabindex=\"0\" aria-label=\"Reload CAPTCHA\">\r\n\t\t\t<a href=\"#\" class=\"cf7 captcha-reload\" style=\"display:inline-flex !important; align-items:center !important; justify-content:center !important; background-color:#2196f3 !important; padding:3px !important; border-radius:3px !important; line-height:0 !important; box-sizing:content-box !important; text-decoration:none !important;\" title=\"Reload Captcha\"><img decoding=\"async\" style=\"display:block !important; width:16px !important; height:16px !important; max-width:none !important; margin:0 !important; padding:0 !important;\" src=\"http:\/\/roidlabiere.com\/wp-content\/plugins\/captcha-for-contact-form-7\/core\/assets\/reload-icon.png\" alt=\"Reload\"\/><\/a>        <\/div>\r\n\t\t        <p id=\"captcha-instructions\" class=\"screen-reader-text\">\r\n\t\t\tPlease enter the characters shown in the CAPTCHA to ensure that you are human.        <\/p>\r\n    <\/div>\r\n\r\n    <!-- Hidden values -->\r\n    <input type=\"hidden\" id=\"hash_c_d87a5c53be88fd849438\" name=\"f12_captcha_hash\"\r\n           value=\"$2y$10$B50OTIQrGuaAtWdBTdqsbOpuFZn1TRhAr6D06ZqVrhARd3ca9L40S\"\/>\r\n\r\n    <!-- Text field with ARIA hints -->\r\n    <div class=\"\" >\r\n\r\n        <label for=\"c_d87a5c53be88fd849438\">CAPTCHA<\/label>\r\n        <input class=\"f12c \"\r\n               data-method=\"math\"\r\n\t\t\t               type=\"text\"\r\n               id=\"c_d87a5c53be88fd849438\"\r\n               name=\"f12_captcha\"\r\n               placeholder=\"CAPTCHA\"\r\n               value=\"\"\r\n               aria-required=\"true\"\r\n               aria-labelledby=\"captcha-instructions\"\/>\r\n    <\/div>\r\n<\/div><input type=\"hidden\" name=\"behavior_nonce\" value=\"\" \/><script>\r\n(function(){\r\n\tvar el = document.currentScript;\r\n\tif (!el) return;\r\n\tvar form = el.closest(\"form\");\r\n\tif (!form || form.dataset.ssInit === \"1\") return;\r\n\tform.dataset.ssInit = \"1\";\r\n\tform.dataset.ssMode = \"protect\";\r\n\tform.dataset.ssSource = \"rule\";\r\n})();\r\n<\/script><\/span><\/p><input class=\"wpcf7-form-control wpcf7-submit has-spinner\" type=\"submit\" value=\"Send\" \/>\n<\/p><p style=\"display: none !important;\" class=\"akismet-fields-container\" data-prefix=\"_wpcf7_ak_\"><label>&#916;<textarea name=\"_wpcf7_ak_hp_textarea\" cols=\"45\" rows=\"8\" maxlength=\"100\"><\/textarea><\/label><input type=\"hidden\" id=\"ak_js_1\" name=\"_wpcf7_ak_js\" value=\"187\"\/><script type=\"text\/javascript\">\n\/* <![CDATA[ *\/\ndocument.getElementById( \"ak_js_1\" ).setAttribute( \"value\", ( new Date() ).getTime() );\n\/* ]]> *\/\n<\/script>\n<\/p><div class=\"wpcf7-response-output\" aria-hidden=\"true\"><\/div>\n<\/form>\n<\/div>\n[vc_empty_space height=&#8221;48px&#8221;][\/vc_column_inner][\/vc_row_inner][\/vc_column][\/vc_row][vc_row css=&#8221;.vc_custom_1715608544173{margin-top: 0px !important;margin-bottom: 0px !important;padding-top: 0px !important;padding-bottom: 0px !important;}&#8221; el_class=&#8221;map-fix&#8221;][vc_column][vc_column_text]<iframe loading=\"lazy\" style=\"border: 0;\" src=\"https:\/\/www.google.com\/maps\/embed?pb=!1m18!1m12!1m3!1d2801.5861254997026!2d-75.8501935!3d45.397519!2m3!1f0!2f0!3f0!3m2!1i1024!2i768!4f13.1!3m3!1m2!1s0x4cce01fa730ba17b%3A0xd3adb3a1a14acd9d!2s29%20Rue%20Dalhousie%2C%20Gatineau%2C%20QC%20J9H%204V1!5e0!3m2!1sen!2sca!4v1704913959711!5m2!1sen!2sca\" width=\"100%\" height=\"450\" allowfullscreen=\"allowfullscreen\"><\/iframe>[\/vc_column_text][\/vc_column][\/vc_row]<\/p>\n<\/div>","protected":false},"excerpt":{"rendered":"<p>[vc_row row_content_width=&#8221;grid&#8221; disable_background_image=&#8221;&#8221; css=&#8221;.vc_custom_1705416340646{padding-top: 100px !important;padding-bottom: 70px !important;}&#8221; simple_background_image=&#8221;613&#8243;][vc_column][vc_row_inner][vc_column_inner width=&#8221;1\/4&#8243;][vc_empty_space height=&#8221;26px&#8221;][vc_empty_space height=&#8221;26px&#8221;][\/vc_column_inner][vc_column_inner width=&#8221;3\/4&#8243;][vc_empty_space height=&#8221;14px&#8221;][vc_empty_space height=&#8221;48px&#8221;][\/vc_column_inner][\/vc_row_inner][\/vc_column][\/vc_row][vc_row css=&#8221;.vc_custom_1715608544173{margin-top: 0px !important;margin-bottom: 0px !important;padding-top: 0px !important;padding-bottom: 0px !important;}&#8221; el_class=&#8221;map-fix&#8221;][vc_column][vc_column_text][\/vc_column_text][\/vc_column][\/vc_row]<\/p>\n","protected":false},"author":2,"featured_media":0,"parent":0,"menu_order":0,"comment_status":"closed","ping_status":"closed","template":"full-width.php","meta":{"footnotes":""},"class_list":["post-2374","page","type-page","status-publish","hentry"],"yoast_head":"<!-- This site is optimized with the Yoast SEO plugin v27.4 - https:\/\/yoast.com\/product\/yoast-seo-wordpress\/ -->\n<title>Contact us - March\u00e9 Gravelle | Roi de la bi\u00e8re | Beer King<\/title>\n<meta name=\"description\" content=\"Vous avez des questions? Si vous en avez des questions, des commentaires ou des pr\u00e9occupations, n&#039;h\u00e9sitez pas \u00e0 nous contacter...\" \/>\n<meta name=\"robots\" content=\"index, follow, max-snippet:-1, max-image-preview:large, max-video-preview:-1\" \/>\n<link rel=\"canonical\" href=\"http:\/\/roidlabiere.com\/en\/contact-us\/\" \/>\n<meta property=\"og:locale\" content=\"en_US\" \/>\n<meta property=\"og:type\" content=\"article\" \/>\n<meta property=\"og:title\" content=\"Contact us - March\u00e9 Gravelle | Roi de la bi\u00e8re | Beer King\" \/>\n<meta property=\"og:description\" content=\"Vous avez des questions? Si vous en avez des questions, des commentaires ou des pr\u00e9occupations, n&#039;h\u00e9sitez pas \u00e0 nous contacter...\" \/>\n<meta property=\"og:url\" content=\"http:\/\/roidlabiere.com\/en\/contact-us\/\" \/>\n<meta property=\"og:site_name\" content=\"March\u00e9 Gravelle | Roi de la bi\u00e8re | Beer King\" \/>\n<meta property=\"article:publisher\" content=\"https:\/\/www.facebook.com\/marchegravelle\" \/>\n<meta property=\"article:modified_time\" content=\"2024-05-16T18:51:33+00:00\" \/>\n<meta property=\"og:image\" content=\"http:\/\/roidlabiere.com\/wp-content\/uploads\/2024\/01\/secondary-pages-header.jpg\" \/>\n\t<meta property=\"og:image:width\" content=\"1920\" \/>\n\t<meta property=\"og:image:height\" content=\"700\" \/>\n\t<meta property=\"og:image:type\" content=\"image\/jpeg\" \/>\n<meta name=\"twitter:card\" content=\"summary_large_image\" \/>\n<meta name=\"twitter:label1\" content=\"Est. reading time\" \/>\n\t<meta name=\"twitter:data1\" content=\"1 minute\" \/>\n<script type=\"application\/ld+json\" class=\"yoast-schema-graph\">{\"@context\":\"https:\\\/\\\/schema.org\",\"@graph\":[{\"@type\":\"WebPage\",\"@id\":\"http:\\\/\\\/roidlabiere.com\\\/en\\\/contact-us\\\/\",\"url\":\"http:\\\/\\\/roidlabiere.com\\\/en\\\/contact-us\\\/\",\"name\":\"Contact us - March\u00e9 Gravelle | Roi de la bi\u00e8re | Beer King\",\"isPartOf\":{\"@id\":\"https:\\\/\\\/roidlabiere.com\\\/en\\\/#website\"},\"datePublished\":\"2018-04-13T11:32:43+00:00\",\"dateModified\":\"2024-05-16T18:51:33+00:00\",\"description\":\"Vous avez des questions? Si vous en avez des questions, des commentaires ou des pr\u00e9occupations, n'h\u00e9sitez pas \u00e0 nous contacter...\",\"breadcrumb\":{\"@id\":\"http:\\\/\\\/roidlabiere.com\\\/en\\\/contact-us\\\/#breadcrumb\"},\"inLanguage\":\"en-US\",\"potentialAction\":[{\"@type\":\"ReadAction\",\"target\":[\"http:\\\/\\\/roidlabiere.com\\\/en\\\/contact-us\\\/\"]}]},{\"@type\":\"BreadcrumbList\",\"@id\":\"http:\\\/\\\/roidlabiere.com\\\/en\\\/contact-us\\\/#breadcrumb\",\"itemListElement\":[{\"@type\":\"ListItem\",\"position\":1,\"name\":\"Home\",\"item\":\"https:\\\/\\\/roidlabiere.com\\\/en\\\/\"},{\"@type\":\"ListItem\",\"position\":2,\"name\":\"Contact us\"}]},{\"@type\":\"WebSite\",\"@id\":\"https:\\\/\\\/roidlabiere.com\\\/en\\\/#website\",\"url\":\"https:\\\/\\\/roidlabiere.com\\\/en\\\/\",\"name\":\"March\u00e9 Gravelle | Roi de la Bi\u00e8re, Beer King, Sp\u00e9cialis\u00e9 en vente de bi\u00e8re \u00e0 meilleurs prix !\",\"description\":\"Le roi de la bi\u00e8re | Beer King\",\"publisher\":{\"@id\":\"https:\\\/\\\/roidlabiere.com\\\/en\\\/#organization\"},\"potentialAction\":[{\"@type\":\"SearchAction\",\"target\":{\"@type\":\"EntryPoint\",\"urlTemplate\":\"https:\\\/\\\/roidlabiere.com\\\/en\\\/?s={search_term_string}\"},\"query-input\":{\"@type\":\"PropertyValueSpecification\",\"valueRequired\":true,\"valueName\":\"search_term_string\"}}],\"inLanguage\":\"en-US\"},{\"@type\":\"Organization\",\"@id\":\"https:\\\/\\\/roidlabiere.com\\\/en\\\/#organization\",\"name\":\"March\u00e9 Gravelle\",\"url\":\"https:\\\/\\\/roidlabiere.com\\\/en\\\/\",\"logo\":{\"@type\":\"ImageObject\",\"inLanguage\":\"en-US\",\"@id\":\"https:\\\/\\\/roidlabiere.com\\\/en\\\/#\\\/schema\\\/logo\\\/image\\\/\",\"url\":\"http:\\\/\\\/roidlabiere.com\\\/wp-content\\\/uploads\\\/2024\\\/01\\\/cropped-favicon.png\",\"contentUrl\":\"http:\\\/\\\/roidlabiere.com\\\/wp-content\\\/uploads\\\/2024\\\/01\\\/cropped-favicon.png\",\"width\":512,\"height\":512,\"caption\":\"March\u00e9 Gravelle\"},\"image\":{\"@id\":\"https:\\\/\\\/roidlabiere.com\\\/en\\\/#\\\/schema\\\/logo\\\/image\\\/\"},\"sameAs\":[\"https:\\\/\\\/www.facebook.com\\\/marchegravelle\"]}]}<\/script>\n<!-- \/ Yoast SEO plugin. -->","yoast_head_json":{"title":"Contact us - March\u00e9 Gravelle | Roi de la bi\u00e8re | Beer King","description":"Vous avez des questions? Si vous en avez des questions, des commentaires ou des pr\u00e9occupations, n'h\u00e9sitez pas \u00e0 nous contacter...","robots":{"index":"index","follow":"follow","max-snippet":"max-snippet:-1","max-image-preview":"max-image-preview:large","max-video-preview":"max-video-preview:-1"},"canonical":"http:\/\/roidlabiere.com\/en\/contact-us\/","og_locale":"en_US","og_type":"article","og_title":"Contact us - March\u00e9 Gravelle | Roi de la bi\u00e8re | Beer King","og_description":"Vous avez des questions? Si vous en avez des questions, des commentaires ou des pr\u00e9occupations, n'h\u00e9sitez pas \u00e0 nous contacter...","og_url":"http:\/\/roidlabiere.com\/en\/contact-us\/","og_site_name":"March\u00e9 Gravelle | Roi de la bi\u00e8re | Beer King","article_publisher":"https:\/\/www.facebook.com\/marchegravelle","article_modified_time":"2024-05-16T18:51:33+00:00","og_image":[{"width":1920,"height":700,"url":"http:\/\/roidlabiere.com\/wp-content\/uploads\/2024\/01\/secondary-pages-header.jpg","type":"image\/jpeg"}],"twitter_card":"summary_large_image","twitter_misc":{"Est. reading time":"1 minute"},"schema":{"@context":"https:\/\/schema.org","@graph":[{"@type":"WebPage","@id":"http:\/\/roidlabiere.com\/en\/contact-us\/","url":"http:\/\/roidlabiere.com\/en\/contact-us\/","name":"Contact us - March\u00e9 Gravelle | Roi de la bi\u00e8re | Beer King","isPartOf":{"@id":"https:\/\/roidlabiere.com\/en\/#website"},"datePublished":"2018-04-13T11:32:43+00:00","dateModified":"2024-05-16T18:51:33+00:00","description":"Vous avez des questions? Si vous en avez des questions, des commentaires ou des pr\u00e9occupations, n'h\u00e9sitez pas \u00e0 nous contacter...","breadcrumb":{"@id":"http:\/\/roidlabiere.com\/en\/contact-us\/#breadcrumb"},"inLanguage":"en-US","potentialAction":[{"@type":"ReadAction","target":["http:\/\/roidlabiere.com\/en\/contact-us\/"]}]},{"@type":"BreadcrumbList","@id":"http:\/\/roidlabiere.com\/en\/contact-us\/#breadcrumb","itemListElement":[{"@type":"ListItem","position":1,"name":"Home","item":"https:\/\/roidlabiere.com\/en\/"},{"@type":"ListItem","position":2,"name":"Contact us"}]},{"@type":"WebSite","@id":"https:\/\/roidlabiere.com\/en\/#website","url":"https:\/\/roidlabiere.com\/en\/","name":"March\u00e9 Gravelle | Roi de la Bi\u00e8re, Beer King, Sp\u00e9cialis\u00e9 en vente de bi\u00e8re \u00e0 meilleurs prix !","description":"Le roi de la bi\u00e8re | Beer King","publisher":{"@id":"https:\/\/roidlabiere.com\/en\/#organization"},"potentialAction":[{"@type":"SearchAction","target":{"@type":"EntryPoint","urlTemplate":"https:\/\/roidlabiere.com\/en\/?s={search_term_string}"},"query-input":{"@type":"PropertyValueSpecification","valueRequired":true,"valueName":"search_term_string"}}],"inLanguage":"en-US"},{"@type":"Organization","@id":"https:\/\/roidlabiere.com\/en\/#organization","name":"March\u00e9 Gravelle","url":"https:\/\/roidlabiere.com\/en\/","logo":{"@type":"ImageObject","inLanguage":"en-US","@id":"https:\/\/roidlabiere.com\/en\/#\/schema\/logo\/image\/","url":"http:\/\/roidlabiere.com\/wp-content\/uploads\/2024\/01\/cropped-favicon.png","contentUrl":"http:\/\/roidlabiere.com\/wp-content\/uploads\/2024\/01\/cropped-favicon.png","width":512,"height":512,"caption":"March\u00e9 Gravelle"},"image":{"@id":"https:\/\/roidlabiere.com\/en\/#\/schema\/logo\/image\/"},"sameAs":["https:\/\/www.facebook.com\/marchegravelle"]}]}},"_links":{"self":[{"href":"http:\/\/roidlabiere.com\/en\/wp-json\/wp\/v2\/pages\/2374","targetHints":{"allow":["GET"]}}],"collection":[{"href":"http:\/\/roidlabiere.com\/en\/wp-json\/wp\/v2\/pages"}],"about":[{"href":"http:\/\/roidlabiere.com\/en\/wp-json\/wp\/v2\/types\/page"}],"author":[{"embeddable":true,"href":"http:\/\/roidlabiere.com\/en\/wp-json\/wp\/v2\/users\/2"}],"replies":[{"embeddable":true,"href":"http:\/\/roidlabiere.com\/en\/wp-json\/wp\/v2\/comments?post=2374"}],"version-history":[{"count":5,"href":"http:\/\/roidlabiere.com\/en\/wp-json\/wp\/v2\/pages\/2374\/revisions"}],"predecessor-version":[{"id":2580,"href":"http:\/\/roidlabiere.com\/en\/wp-json\/wp\/v2\/pages\/2374\/revisions\/2580"}],"wp:attachment":[{"href":"http:\/\/roidlabiere.com\/en\/wp-json\/wp\/v2\/media?parent=2374"}],"curies":[{"name":"wp","href":"https:\/\/api.w.org\/{rel}","templated":true}]}}